{"id":9,"date":"2015-02-10T19:21:19","date_gmt":"2015-02-10T16:21:19","guid":{"rendered":"https:\/\/avada.theme-fusion.com_demos\/architecture\/?page_id=9"},"modified":"2021-10-04T23:13:25","modified_gmt":"2021-10-04T20:13:25","slug":"galeri","status":"publish","type":"page","link":"https:\/\/altinisahsapgalerisi.com\/index.php\/galeri\/","title":{"rendered":"Galeri"},"content":{"rendered":"<p><div class=\"fusion-fullwidth fullwidth-box fusion-builder-row-1 fusion-flex-container nonhundred-percent-fullwidth non-hundred-percent-height-scrolling\" style=\"background-color: #242424;background-position: left top;background-repeat: no-repeat;border-width: 0px 0px 0px 0px;border-color:#3e3e3e;border-style:solid;\" ><div class=\"fusion-builder-row fusion-row fusion-flex-align-items-flex-start\" style=\"max-width:1014px;margin-left: calc(-4% \/ 2 );margin-right: calc(-4% \/ 2 );\"><div class=\"fusion-layout-column fusion_builder_column fusion-builder-column-0 fusion_builder_column_1_1 1_1 fusion-flex-column\"><div class=\"fusion-column-wrapper fusion-flex-justify-content-flex-start fusion-content-layout-column\" style=\"background-position:left top;background-repeat:no-repeat;-webkit-background-size:cover;-moz-background-size:cover;-o-background-size:cover;background-size:cover;padding: 0px 0px 0px 0px;\"><style type=\"text\/css\">.fusion-gallery-1 .fusion-gallery-image {border:0px solid #f6f6f6;}<\/style><div class=\"fusion-gallery fusion-gallery-container fusion-grid-3 fusion-columns-total-8 fusion-gallery-layout-grid fusion-gallery-1\" style=\"margin:-5px;\"><div style=\"padding:5px;\" class=\"fusion-grid-column fusion-gallery-column fusion-gallery-column-3 hover-type-none\"><div class=\"fusion-gallery-image\"><a href=\"https:\/\/altinisahsapgalerisi.com\/wp-content\/uploads\/2020\/08\/1.jpeg\" rel=\"noreferrer\" data-rel=\"iLightbox[gallery_image_1]\" class=\"fusion-lightbox\" target=\"_self\"><img decoding=\"async\" src=\"https:\/\/altinisahsapgalerisi.com\/wp-content\/uploads\/2020\/08\/1.jpeg\" width=\"1600\" height=\"900\" alt=\"\" title=\"1\" aria-label=\"1\" class=\"img-responsive wp-image-783\" srcset=\"https:\/\/altinisahsapgalerisi.com\/wp-content\/uploads\/2020\/08\/1-200x113.jpeg 200w, https:\/\/altinisahsapgalerisi.com\/wp-content\/uploads\/2020\/08\/1-400x225.jpeg 400w, https:\/\/altinisahsapgalerisi.com\/wp-content\/uploads\/2020\/08\/1-600x338.jpeg 600w, https:\/\/altinisahsapgalerisi.com\/wp-content\/uploads\/2020\/08\/1-800x450.jpeg 800w, https:\/\/altinisahsapgalerisi.com\/wp-content\/uploads\/2020\/08\/1-1200x675.jpeg 1200w, https:\/\/altinisahsapgalerisi.com\/wp-content\/uploads\/2020\/08\/1.jpeg 1600w\" sizes=\"(min-width: 2200px) 100vw, (min-width: 824px) 322px, (min-width: 732px) 483px, (min-width: 640px) 732px, \" \/><\/a><\/div><\/div><div style=\"padding:5px;\" class=\"fusion-grid-column fusion-gallery-column fusion-gallery-column-3 hover-type-none\"><div class=\"fusion-gallery-image\"><a href=\"https:\/\/altinisahsapgalerisi.com\/wp-content\/uploads\/2020\/08\/3.jpeg\" rel=\"noreferrer\" data-rel=\"iLightbox[gallery_image_1]\" class=\"fusion-lightbox\" target=\"_self\"><img decoding=\"async\" src=\"https:\/\/altinisahsapgalerisi.com\/wp-content\/uploads\/2020\/08\/3.jpeg\" width=\"1600\" height=\"900\" alt=\"\" title=\"3\" aria-label=\"3\" class=\"img-responsive wp-image-785\" srcset=\"https:\/\/altinisahsapgalerisi.com\/wp-content\/uploads\/2020\/08\/3-200x113.jpeg 200w, https:\/\/altinisahsapgalerisi.com\/wp-content\/uploads\/2020\/08\/3-400x225.jpeg 400w, https:\/\/altinisahsapgalerisi.com\/wp-content\/uploads\/2020\/08\/3-600x338.jpeg 600w, https:\/\/altinisahsapgalerisi.com\/wp-content\/uploads\/2020\/08\/3-800x450.jpeg 800w, https:\/\/altinisahsapgalerisi.com\/wp-content\/uploads\/2020\/08\/3-1200x675.jpeg 1200w, https:\/\/altinisahsapgalerisi.com\/wp-content\/uploads\/2020\/08\/3.jpeg 1600w\" sizes=\"(min-width: 2200px) 100vw, (min-width: 824px) 322px, (min-width: 732px) 483px, (min-width: 640px) 732px, \" \/><\/a><\/div><\/div><div style=\"padding:5px;\" class=\"fusion-grid-column fusion-gallery-column fusion-gallery-column-3 hover-type-none\"><div class=\"fusion-gallery-image\"><a href=\"https:\/\/altinisahsapgalerisi.com\/wp-content\/uploads\/2020\/08\/4.jpeg\" rel=\"noreferrer\" data-rel=\"iLightbox[gallery_image_1]\" class=\"fusion-lightbox\" target=\"_self\"><img decoding=\"async\" src=\"https:\/\/altinisahsapgalerisi.com\/wp-content\/uploads\/2020\/08\/4.jpeg\" width=\"1600\" height=\"900\" alt=\"\" title=\"4\" aria-label=\"4\" class=\"img-responsive wp-image-786\" srcset=\"https:\/\/altinisahsapgalerisi.com\/wp-content\/uploads\/2020\/08\/4-200x113.jpeg 200w, https:\/\/altinisahsapgalerisi.com\/wp-content\/uploads\/2020\/08\/4-400x225.jpeg 400w, https:\/\/altinisahsapgalerisi.com\/wp-content\/uploads\/2020\/08\/4-600x338.jpeg 600w, https:\/\/altinisahsapgalerisi.com\/wp-content\/uploads\/2020\/08\/4-800x450.jpeg 800w, https:\/\/altinisahsapgalerisi.com\/wp-content\/uploads\/2020\/08\/4-1200x675.jpeg 1200w, https:\/\/altinisahsapgalerisi.com\/wp-content\/uploads\/2020\/08\/4.jpeg 1600w\" sizes=\"(min-width: 2200px) 100vw, (min-width: 824px) 322px, (min-width: 732px) 483px, (min-width: 640px) 732px, \" \/><\/a><\/div><\/div><div class=\"clearfix\"><\/div><div style=\"padding:5px;\" class=\"fusion-grid-column fusion-gallery-column fusion-gallery-column-3 hover-type-none\"><div class=\"fusion-gallery-image\"><a href=\"https:\/\/altinisahsapgalerisi.com\/wp-content\/uploads\/2020\/08\/5.jpeg\" rel=\"noreferrer\" data-rel=\"iLightbox[gallery_image_1]\" class=\"fusion-lightbox\" target=\"_self\"><img decoding=\"async\" src=\"https:\/\/altinisahsapgalerisi.com\/wp-content\/uploads\/2020\/08\/5.jpeg\" width=\"1600\" height=\"900\" alt=\"\" title=\"5\" aria-label=\"5\" class=\"img-responsive wp-image-787\" srcset=\"https:\/\/altinisahsapgalerisi.com\/wp-content\/uploads\/2020\/08\/5-200x113.jpeg 200w, https:\/\/altinisahsapgalerisi.com\/wp-content\/uploads\/2020\/08\/5-400x225.jpeg 400w, https:\/\/altinisahsapgalerisi.com\/wp-content\/uploads\/2020\/08\/5-600x338.jpeg 600w, https:\/\/altinisahsapgalerisi.com\/wp-content\/uploads\/2020\/08\/5-800x450.jpeg 800w, https:\/\/altinisahsapgalerisi.com\/wp-content\/uploads\/2020\/08\/5-1200x675.jpeg 1200w, https:\/\/altinisahsapgalerisi.com\/wp-content\/uploads\/2020\/08\/5.jpeg 1600w\" sizes=\"(min-width: 2200px) 100vw, (min-width: 824px) 322px, (min-width: 732px) 483px, (min-width: 640px) 732px, \" \/><\/a><\/div><\/div><div style=\"padding:5px;\" class=\"fusion-grid-column fusion-gallery-column fusion-gallery-column-3 hover-type-none\"><div class=\"fusion-gallery-image\"><a href=\"https:\/\/altinisahsapgalerisi.com\/wp-content\/uploads\/2020\/08\/6.jpeg\" rel=\"noreferrer\" data-rel=\"iLightbox[gallery_image_1]\" class=\"fusion-lightbox\" target=\"_self\"><img decoding=\"async\" src=\"https:\/\/altinisahsapgalerisi.com\/wp-content\/uploads\/2020\/08\/6.jpeg\" width=\"1600\" height=\"900\" alt=\"\" title=\"6\" aria-label=\"6\" class=\"img-responsive wp-image-788\" srcset=\"https:\/\/altinisahsapgalerisi.com\/wp-content\/uploads\/2020\/08\/6-200x113.jpeg 200w, https:\/\/altinisahsapgalerisi.com\/wp-content\/uploads\/2020\/08\/6-400x225.jpeg 400w, https:\/\/altinisahsapgalerisi.com\/wp-content\/uploads\/2020\/08\/6-600x338.jpeg 600w, https:\/\/altinisahsapgalerisi.com\/wp-content\/uploads\/2020\/08\/6-800x450.jpeg 800w, https:\/\/altinisahsapgalerisi.com\/wp-content\/uploads\/2020\/08\/6-1200x675.jpeg 1200w, https:\/\/altinisahsapgalerisi.com\/wp-content\/uploads\/2020\/08\/6.jpeg 1600w\" sizes=\"(min-width: 2200px) 100vw, (min-width: 824px) 322px, (min-width: 732px) 483px, (min-width: 640px) 732px, \" \/><\/a><\/div><\/div><div style=\"padding:5px;\" class=\"fusion-grid-column fusion-gallery-column fusion-gallery-column-3 hover-type-none\"><div class=\"fusion-gallery-image\"><a href=\"https:\/\/altinisahsapgalerisi.com\/wp-content\/uploads\/2020\/08\/7.jpg\" rel=\"noreferrer\" data-rel=\"iLightbox[gallery_image_1]\" class=\"fusion-lightbox\" target=\"_self\"><img decoding=\"async\" src=\"https:\/\/altinisahsapgalerisi.com\/wp-content\/uploads\/2020\/08\/7.jpg\" width=\"700\" height=\"1244\" alt=\"\" title=\"7\" aria-label=\"7\" class=\"img-responsive wp-image-794\" srcset=\"https:\/\/altinisahsapgalerisi.com\/wp-content\/uploads\/2020\/08\/7-200x355.jpg 200w, https:\/\/altinisahsapgalerisi.com\/wp-content\/uploads\/2020\/08\/7-400x711.jpg 400w, https:\/\/altinisahsapgalerisi.com\/wp-content\/uploads\/2020\/08\/7-600x1066.jpg 600w, https:\/\/altinisahsapgalerisi.com\/wp-content\/uploads\/2020\/08\/7.jpg 700w\" sizes=\"(min-width: 2200px) 100vw, (min-width: 824px) 322px, (min-width: 732px) 483px, (min-width: 640px) 732px, \" \/><\/a><\/div><\/div><div class=\"clearfix\"><\/div><div style=\"padding:5px;\" class=\"fusion-grid-column fusion-gallery-column fusion-gallery-column-3 hover-type-none\"><div class=\"fusion-gallery-image\"><a href=\"https:\/\/altinisahsapgalerisi.com\/wp-content\/uploads\/2020\/08\/8.jpg\" rel=\"noreferrer\" data-rel=\"iLightbox[gallery_image_1]\" class=\"fusion-lightbox\" target=\"_self\"><img decoding=\"async\" src=\"https:\/\/altinisahsapgalerisi.com\/wp-content\/uploads\/2020\/08\/8.jpg\" width=\"700\" height=\"1244\" alt=\"\" title=\"8\" aria-label=\"8\" class=\"img-responsive wp-image-795\" srcset=\"https:\/\/altinisahsapgalerisi.com\/wp-content\/uploads\/2020\/08\/8-200x355.jpg 200w, https:\/\/altinisahsapgalerisi.com\/wp-content\/uploads\/2020\/08\/8-400x711.jpg 400w, https:\/\/altinisahsapgalerisi.com\/wp-content\/uploads\/2020\/08\/8-600x1066.jpg 600w, https:\/\/altinisahsapgalerisi.com\/wp-content\/uploads\/2020\/08\/8.jpg 700w\" sizes=\"(min-width: 2200px) 100vw, (min-width: 824px) 322px, (min-width: 732px) 483px, (min-width: 640px) 732px, \" \/><\/a><\/div><\/div><div style=\"padding:5px;\" class=\"fusion-grid-column fusion-gallery-column fusion-gallery-column-3 hover-type-none\"><div class=\"fusion-gallery-image\"><a href=\"https:\/\/altinisahsapgalerisi.com\/wp-content\/uploads\/2020\/08\/9.jpg\" rel=\"noreferrer\" data-rel=\"iLightbox[gallery_image_1]\" class=\"fusion-lightbox\" target=\"_self\"><img decoding=\"async\" src=\"https:\/\/altinisahsapgalerisi.com\/wp-content\/uploads\/2020\/08\/9.jpg\" width=\"700\" height=\"1244\" alt=\"\" title=\"9\" aria-label=\"9\" class=\"img-responsive wp-image-793\" srcset=\"https:\/\/altinisahsapgalerisi.com\/wp-content\/uploads\/2020\/08\/9-200x355.jpg 200w, https:\/\/altinisahsapgalerisi.com\/wp-content\/uploads\/2020\/08\/9-400x711.jpg 400w, https:\/\/altinisahsapgalerisi.com\/wp-content\/uploads\/2020\/08\/9-600x1066.jpg 600w, https:\/\/altinisahsapgalerisi.com\/wp-content\/uploads\/2020\/08\/9.jpg 700w\" sizes=\"(min-width: 2200px) 100vw, (min-width: 824px) 322px, (min-width: 732px) 483px, (min-width: 640px) 732px, \" \/><\/a><\/div><\/div><\/div><\/div><\/div><style type=\"text\/css\">.fusion-body .fusion-builder-column-0{width:100% !important;margin-top : 0px;margin-bottom : 20px;}.fusion-builder-column-0 > .fusion-column-wrapper {padding-top : 0px !important;padding-right : 0px !important;margin-right : 1.92%;padding-bottom : 0px !important;padding-left : 0px !important;margin-left : 1.92%;}@media only screen and (max-width:800px) {.fusion-body .fusion-builder-column-0{width:100% !important;order : 0;}.fusion-builder-column-0 > .fusion-column-wrapper {margin-right : 1.92%;margin-left : 1.92%;}}@media only screen and (max-width:640px) {.fusion-body .fusion-builder-column-0{width:100% !important;order : 0;}.fusion-builder-column-0 > .fusion-column-wrapper {margin-right : 1.92%;margin-left : 1.92%;}}<\/style><\/div><style type=\"text\/css\">.fusion-body .fusion-flex-container.fusion-builder-row-1{ padding-top : 14px;margin-top : 0px;padding-right : 0px;padding-bottom : 61px;margin-bottom : 0px;padding-left : 0px;}<\/style><\/div><div class=\"fusion-fullwidth fullwidth-box fusion-builder-row-2 fusion-flex-container nonhundred-percent-fullwidth non-hundred-percent-height-scrolling\" style=\"background-color: #242424;background-position: left top;background-repeat: no-repeat;border-width: 0px 0px 0px 0px;border-color:#3e3e3e;border-style:solid;\" ><div class=\"fusion-builder-row fusion-row fusion-flex-align-items-flex-start\" style=\"max-width:1014px;margin-left: calc(-4% \/ 2 );margin-right: calc(-4% \/ 2 );\"><div class=\"fusion-layout-column fusion_builder_column fusion-builder-column-1 fusion_builder_column_1_3 1_3 fusion-flex-column\"><div class=\"fusion-column-wrapper fusion-flex-justify-content-flex-start fusion-content-layout-column\" style=\"background-position:right center;background-repeat:no-repeat;-webkit-background-size:cover;-moz-background-size:cover;-o-background-size:cover;background-size:cover;border-width: 0 3px 0 0;border-color:#e0dede;border-style:solid;padding: 0px 0px 0px 0px;\"><style type=\"text\/css\">@media only screen and (max-width:800px) {.fusion-title.fusion-title-1{margin-top:!important;margin-bottom:0px!important;}}@media only screen and (max-width:640px) {.fusion-title.fusion-title-1{margin-top:0px!important;margin-bottom:0px!important;}}<\/style><div class=\"fusion-title title fusion-title-1 fusion-sep-none fusion-title-text fusion-title-size-two\" style=\"margin-top:0px;margin-bottom:20px;\"><h2 class=\"title-heading-left\" style=\"margin:0;\">Alt\u0131n \u0130\u015f Ah\u015fap Galerisi<\/h2><\/div><\/div><\/div><style type=\"text\/css\">.fusion-body .fusion-builder-column-1{width:33.333333333333% !important;margin-top : 0px;margin-bottom : 0px;}.fusion-builder-column-1 > .fusion-column-wrapper {padding-top : 0px !important;padding-right : 0px !important;margin-right : 5.76%;padding-bottom : 0px !important;padding-left : 0px !important;margin-left : 5.76%;}@media only screen and (max-width:800px) {.fusion-body .fusion-builder-column-1{width:100% !important;}.fusion-builder-column-1 > .fusion-column-wrapper {margin-right : 1.92%;margin-left : 1.92%;}}@media only screen and (max-width:640px) {.fusion-body .fusion-builder-column-1{width:100% !important;}.fusion-builder-column-1 > .fusion-column-wrapper {margin-right : 1.92%;margin-left : 1.92%;}}<\/style><div class=\"fusion-layout-column fusion_builder_column fusion-builder-column-2 fusion_builder_column_2_3 2_3 fusion-flex-column\"><div class=\"fusion-column-wrapper fusion-flex-justify-content-flex-start fusion-content-layout-column\" style=\"background-position:left top;background-repeat:no-repeat;-webkit-background-size:cover;-moz-background-size:cover;-o-background-size:cover;background-size:cover;padding: 0px 0px 0px 0px;\"><div class=\"fusion-text fusion-text-1\" style=\"font-size:22px;line-height:42px;font-family:&quot;Raleway&quot;;font-style: italic;font-weight:500;\"><p>\u00dcr\u00fcn ve foto\u011fraf payla\u015f\u0131mlar\u0131m\u0131z\u0131 takip ederek g\u00fcncel hizmetimizden faydalabilirsiniz.<\/p>\n<\/div><\/div><\/div><style type=\"text\/css\">.fusion-body .fusion-builder-column-2{width:66.666666666667% !important;margin-top : 20px;margin-bottom : 20px;}.fusion-builder-column-2 > .fusion-column-wrapper {padding-top : 0px !important;padding-right : 0px !important;margin-right : 2.88%;padding-bottom : 0px !important;padding-left : 0px !important;margin-left : 2.88%;}@media only screen and (max-width:800px) {.fusion-body .fusion-builder-column-2{width:100% !important;}.fusion-builder-column-2 > .fusion-column-wrapper {margin-right : 1.92%;margin-left : 1.92%;}}@media only screen and (max-width:640px) {.fusion-body .fusion-builder-column-2{width:100% !important;}.fusion-builder-column-2 > .fusion-column-wrapper {margin-right : 1.92%;margin-left : 1.92%;}}<\/style><\/div><style type=\"text\/css\">.fusion-body .fusion-flex-container.fusion-builder-row-2{ padding-top : 75px;margin-top : 0px;padding-right : 0px;padding-bottom : 75px;margin-bottom : 0px;padding-left : 0px;}<\/style><\/div><\/p>\n","protected":false},"excerpt":{"rendered":"","protected":false},"author":1,"featured_media":0,"parent":0,"menu_order":0,"comment_status":"closed","ping_status":"closed","template":"100-width.php","meta":{"_bbp_topic_count":0,"_bbp_reply_count":0,"_bbp_total_topic_count":0,"_bbp_total_reply_count":0,"_bbp_voice_count":0,"_bbp_anonymous_reply_count":0,"_bbp_topic_count_hidden":0,"_bbp_reply_count_hidden":0,"_bbp_forum_subforum_count":0,"footnotes":""},"class_list":["post-9","page","type-page","status-publish","hentry"],"yoast_head":"<!-- This site is optimized with the Yoast SEO plugin v27.3 - https:\/\/yoast.com\/product\/yoast-seo-wordpress\/ -->\n<title>Galeri - Alt\u0131n \u0130\u015f Ah\u015fap Galerisi<\/title>\n<meta name=\"robots\" content=\"index, follow, max-snippet:-1, max-image-preview:large, max-video-preview:-1\" \/>\n<link rel=\"canonical\" href=\"https:\/\/altinisahsapgalerisi.com\/index.php\/galeri\/\" \/>\n<meta property=\"og:locale\" content=\"tr_TR\" \/>\n<meta property=\"og:type\" content=\"article\" \/>\n<meta property=\"og:title\" content=\"Galeri - Alt\u0131n \u0130\u015f Ah\u015fap Galerisi\" \/>\n<meta property=\"og:url\" content=\"https:\/\/altinisahsapgalerisi.com\/index.php\/galeri\/\" \/>\n<meta property=\"og:site_name\" content=\"Alt\u0131n \u0130\u015f Ah\u015fap Galerisi\" \/>\n<meta property=\"article:modified_time\" content=\"2021-10-04T20:13:25+00:00\" \/>\n<meta name=\"twitter:card\" content=\"summary_large_image\" \/>\n<meta name=\"twitter:label1\" content=\"Tahmini okuma s\u00fcresi\" \/>\n\t<meta name=\"twitter:data1\" content=\"2 dakika\" \/>\n<script type=\"application\/ld+json\" class=\"yoast-schema-graph\">{\"@context\":\"https:\\\/\\\/schema.org\",\"@graph\":[{\"@type\":\"WebPage\",\"@id\":\"https:\\\/\\\/altinisahsapgalerisi.com\\\/index.php\\\/galeri\\\/\",\"url\":\"https:\\\/\\\/altinisahsapgalerisi.com\\\/index.php\\\/galeri\\\/\",\"name\":\"Galeri - Alt\u0131n \u0130\u015f Ah\u015fap Galerisi\",\"isPartOf\":{\"@id\":\"https:\\\/\\\/altinisahsapgalerisi.com\\\/#website\"},\"datePublished\":\"2015-02-10T16:21:19+00:00\",\"dateModified\":\"2021-10-04T20:13:25+00:00\",\"breadcrumb\":{\"@id\":\"https:\\\/\\\/altinisahsapgalerisi.com\\\/index.php\\\/galeri\\\/#breadcrumb\"},\"inLanguage\":\"tr\",\"potentialAction\":[{\"@type\":\"ReadAction\",\"target\":[\"https:\\\/\\\/altinisahsapgalerisi.com\\\/index.php\\\/galeri\\\/\"]}]},{\"@type\":\"BreadcrumbList\",\"@id\":\"https:\\\/\\\/altinisahsapgalerisi.com\\\/index.php\\\/galeri\\\/#breadcrumb\",\"itemListElement\":[{\"@type\":\"ListItem\",\"position\":1,\"name\":\"Ana sayfa\",\"item\":\"https:\\\/\\\/altinisahsapgalerisi.com\\\/\"},{\"@type\":\"ListItem\",\"position\":2,\"name\":\"Galeri\"}]},{\"@type\":\"WebSite\",\"@id\":\"https:\\\/\\\/altinisahsapgalerisi.com\\\/#website\",\"url\":\"https:\\\/\\\/altinisahsapgalerisi.com\\\/\",\"name\":\"Alt\u0131n \u0130\u015f Ah\u015fap Galerisi\",\"description\":\"\",\"potentialAction\":[{\"@type\":\"SearchAction\",\"target\":{\"@type\":\"EntryPoint\",\"urlTemplate\":\"https:\\\/\\\/altinisahsapgalerisi.com\\\/?s={search_term_string}\"},\"query-input\":{\"@type\":\"PropertyValueSpecification\",\"valueRequired\":true,\"valueName\":\"search_term_string\"}}],\"inLanguage\":\"tr\"}]}<\/script>\n<!-- \/ Yoast SEO plugin. -->","yoast_head_json":{"title":"Galeri - Alt\u0131n \u0130\u015f Ah\u015fap Galerisi","robots":{"index":"index","follow":"follow","max-snippet":"max-snippet:-1","max-image-preview":"max-image-preview:large","max-video-preview":"max-video-preview:-1"},"canonical":"https:\/\/altinisahsapgalerisi.com\/index.php\/galeri\/","og_locale":"tr_TR","og_type":"article","og_title":"Galeri - Alt\u0131n \u0130\u015f Ah\u015fap Galerisi","og_url":"https:\/\/altinisahsapgalerisi.com\/index.php\/galeri\/","og_site_name":"Alt\u0131n \u0130\u015f Ah\u015fap Galerisi","article_modified_time":"2021-10-04T20:13:25+00:00","twitter_card":"summary_large_image","twitter_misc":{"Tahmini okuma s\u00fcresi":"2 dakika"},"schema":{"@context":"https:\/\/schema.org","@graph":[{"@type":"WebPage","@id":"https:\/\/altinisahsapgalerisi.com\/index.php\/galeri\/","url":"https:\/\/altinisahsapgalerisi.com\/index.php\/galeri\/","name":"Galeri - Alt\u0131n \u0130\u015f Ah\u015fap Galerisi","isPartOf":{"@id":"https:\/\/altinisahsapgalerisi.com\/#website"},"datePublished":"2015-02-10T16:21:19+00:00","dateModified":"2021-10-04T20:13:25+00:00","breadcrumb":{"@id":"https:\/\/altinisahsapgalerisi.com\/index.php\/galeri\/#breadcrumb"},"inLanguage":"tr","potentialAction":[{"@type":"ReadAction","target":["https:\/\/altinisahsapgalerisi.com\/index.php\/galeri\/"]}]},{"@type":"BreadcrumbList","@id":"https:\/\/altinisahsapgalerisi.com\/index.php\/galeri\/#breadcrumb","itemListElement":[{"@type":"ListItem","position":1,"name":"Ana sayfa","item":"https:\/\/altinisahsapgalerisi.com\/"},{"@type":"ListItem","position":2,"name":"Galeri"}]},{"@type":"WebSite","@id":"https:\/\/altinisahsapgalerisi.com\/#website","url":"https:\/\/altinisahsapgalerisi.com\/","name":"Alt\u0131n \u0130\u015f Ah\u015fap Galerisi","description":"","potentialAction":[{"@type":"SearchAction","target":{"@type":"EntryPoint","urlTemplate":"https:\/\/altinisahsapgalerisi.com\/?s={search_term_string}"},"query-input":{"@type":"PropertyValueSpecification","valueRequired":true,"valueName":"search_term_string"}}],"inLanguage":"tr"}]}},"jetpack_sharing_enabled":true,"_links":{"self":[{"href":"https:\/\/altinisahsapgalerisi.com\/index.php\/wp-json\/wp\/v2\/pages\/9","targetHints":{"allow":["GET"]}}],"collection":[{"href":"https:\/\/altinisahsapgalerisi.com\/index.php\/wp-json\/wp\/v2\/pages"}],"about":[{"href":"https:\/\/altinisahsapgalerisi.com\/index.php\/wp-json\/wp\/v2\/types\/page"}],"author":[{"embeddable":true,"href":"https:\/\/altinisahsapgalerisi.com\/index.php\/wp-json\/wp\/v2\/users\/1"}],"replies":[{"embeddable":true,"href":"https:\/\/altinisahsapgalerisi.com\/index.php\/wp-json\/wp\/v2\/comments?post=9"}],"version-history":[{"count":0,"href":"https:\/\/altinisahsapgalerisi.com\/index.php\/wp-json\/wp\/v2\/pages\/9\/revisions"}],"wp:attachment":[{"href":"https:\/\/altinisahsapgalerisi.com\/index.php\/wp-json\/wp\/v2\/media?parent=9"}],"curies":[{"name":"wp","href":"https:\/\/api.w.org\/{rel}","templated":true}]}}