{"id":1200,"date":"2021-10-07T19:09:18","date_gmt":"2021-10-07T16:09:18","guid":{"rendered":"https:\/\/altinisahsapgalerisi.com\/?post_type=product&#038;p=1200"},"modified":"2026-01-24T16:38:12","modified_gmt":"2026-01-24T13:38:12","slug":"kkdl05-lukens-ayak-8x8x20-cm-la23","status":"publish","type":"product","link":"https:\/\/altinisahsapgalerisi.com\/index.php\/urun\/kkdl05-lukens-ayak-8x8x20-cm-la23\/","title":{"rendered":"KKDL05 L\u00dcKENS AYAK 8X8X20 CM-LA23"},"content":{"rendered":"","protected":false},"excerpt":{"rendered":"<p>\u00dcr\u00fcn \u00d6l\u00e7\u00fcm\u00fcz 20 Cm\u2019dir. \u00dcr\u00fcn Kay\u0131n A\u011fac\u0131ndan \u00dcretilmi\u015ftir.<\/p>\n","protected":false},"featured_media":3028,"comment_status":"open","ping_status":"closed","template":"","meta":{"_bbp_topic_count":0,"_bbp_reply_count":0,"_bbp_total_topic_count":0,"_bbp_total_reply_count":0,"_bbp_voice_count":0,"_bbp_anonymous_reply_count":0,"_bbp_topic_count_hidden":0,"_bbp_reply_count_hidden":0,"_bbp_forum_subforum_count":0},"product_brand":[],"product_cat":[168,170],"product_tag":[],"class_list":{"0":"post-1200","1":"product","2":"type-product","3":"status-publish","4":"has-post-thumbnail","6":"product_cat-ahsap-ayak","7":"product_cat-lukens-ayak","9":"first","10":"instock","11":"shipping-taxable","12":"purchasable","13":"product-type-simple"},"yoast_head":"<!-- This site is optimized with the Yoast SEO plugin v27.3 - https:\/\/yoast.com\/product\/yoast-seo-wordpress\/ -->\n<title>KKDL05 L\u00dcKENS AYAK 8X8X20 CM-LA23 - Alt\u0131n \u0130\u015f Ah\u015fap Galerisi<\/title>\n<meta name=\"description\" content=\"KKDL05 L\u00dcKENS AYAK 8X8X20 CM-LA23 ALTIN \u0130\u015e AH\u015eAP GALER\u0130S\u0130 AVANGARD L\u00dcKENS AYAK\" \/>\n<meta name=\"robots\" content=\"index, follow, max-snippet:-1, max-image-preview:large, max-video-preview:-1\" \/>\n<link rel=\"canonical\" href=\"https:\/\/altinisahsapgalerisi.com\/index.php\/urun\/kkdl05-lukens-ayak-8x8x20-cm-la23\/\" \/>\n<meta property=\"og:locale\" content=\"tr_TR\" \/>\n<meta property=\"og:type\" content=\"article\" \/>\n<meta property=\"og:title\" content=\"KKDL05 L\u00dcKENS AYAK 8X8X20 CM-LA23 - Alt\u0131n \u0130\u015f Ah\u015fap Galerisi\" \/>\n<meta property=\"og:description\" content=\"KKDL05 L\u00dcKENS AYAK 8X8X20 CM-LA23 ALTIN \u0130\u015e AH\u015eAP GALER\u0130S\u0130 AVANGARD L\u00dcKENS AYAK\" \/>\n<meta property=\"og:url\" content=\"https:\/\/altinisahsapgalerisi.com\/index.php\/urun\/kkdl05-lukens-ayak-8x8x20-cm-la23\/\" \/>\n<meta property=\"og:site_name\" content=\"Alt\u0131n \u0130\u015f Ah\u015fap Galerisi\" \/>\n<meta property=\"article:modified_time\" content=\"2026-01-24T13:38:12+00:00\" \/>\n<meta property=\"og:image\" content=\"https:\/\/altinisahsapgalerisi.com\/wp-content\/uploads\/2021\/10\/xzz.jpg\" \/>\n\t<meta property=\"og:image:width\" content=\"1280\" \/>\n\t<meta property=\"og:image:height\" content=\"1280\" \/>\n\t<meta property=\"og:image:type\" content=\"image\/jpeg\" \/>\n<meta name=\"twitter:card\" content=\"summary_large_image\" \/>\n<meta name=\"twitter:label1\" content=\"Tahmini okuma s\u00fcresi\" \/>\n\t<meta name=\"twitter:data1\" content=\"1 dakika\" \/>\n<script type=\"application\/ld+json\" class=\"yoast-schema-graph\">{\"@context\":\"https:\\\/\\\/schema.org\",\"@graph\":[{\"@type\":\"WebPage\",\"@id\":\"https:\\\/\\\/altinisahsapgalerisi.com\\\/index.php\\\/urun\\\/kkdl05-lukens-ayak-8x8x20-cm-la23\\\/\",\"url\":\"https:\\\/\\\/altinisahsapgalerisi.com\\\/index.php\\\/urun\\\/kkdl05-lukens-ayak-8x8x20-cm-la23\\\/\",\"name\":\"KKDL05 L\u00dcKENS AYAK 8X8X20 CM-LA23 - Alt\u0131n \u0130\u015f Ah\u015fap Galerisi\",\"isPartOf\":{\"@id\":\"https:\\\/\\\/altinisahsapgalerisi.com\\\/#website\"},\"primaryImageOfPage\":{\"@id\":\"https:\\\/\\\/altinisahsapgalerisi.com\\\/index.php\\\/urun\\\/kkdl05-lukens-ayak-8x8x20-cm-la23\\\/#primaryimage\"},\"image\":{\"@id\":\"https:\\\/\\\/altinisahsapgalerisi.com\\\/index.php\\\/urun\\\/kkdl05-lukens-ayak-8x8x20-cm-la23\\\/#primaryimage\"},\"thumbnailUrl\":\"https:\\\/\\\/altinisahsapgalerisi.com\\\/wp-content\\\/uploads\\\/2021\\\/10\\\/xzz.jpg\",\"datePublished\":\"2021-10-07T16:09:18+00:00\",\"dateModified\":\"2026-01-24T13:38:12+00:00\",\"description\":\"KKDL05 L\u00dcKENS AYAK 8X8X20 CM-LA23 ALTIN \u0130\u015e AH\u015eAP GALER\u0130S\u0130 AVANGARD L\u00dcKENS AYAK\",\"breadcrumb\":{\"@id\":\"https:\\\/\\\/altinisahsapgalerisi.com\\\/index.php\\\/urun\\\/kkdl05-lukens-ayak-8x8x20-cm-la23\\\/#breadcrumb\"},\"inLanguage\":\"tr\",\"potentialAction\":[{\"@type\":\"ReadAction\",\"target\":[\"https:\\\/\\\/altinisahsapgalerisi.com\\\/index.php\\\/urun\\\/kkdl05-lukens-ayak-8x8x20-cm-la23\\\/\"]}]},{\"@type\":\"ImageObject\",\"inLanguage\":\"tr\",\"@id\":\"https:\\\/\\\/altinisahsapgalerisi.com\\\/index.php\\\/urun\\\/kkdl05-lukens-ayak-8x8x20-cm-la23\\\/#primaryimage\",\"url\":\"https:\\\/\\\/altinisahsapgalerisi.com\\\/wp-content\\\/uploads\\\/2021\\\/10\\\/xzz.jpg\",\"contentUrl\":\"https:\\\/\\\/altinisahsapgalerisi.com\\\/wp-content\\\/uploads\\\/2021\\\/10\\\/xzz.jpg\",\"width\":1280,\"height\":1280},{\"@type\":\"BreadcrumbList\",\"@id\":\"https:\\\/\\\/altinisahsapgalerisi.com\\\/index.php\\\/urun\\\/kkdl05-lukens-ayak-8x8x20-cm-la23\\\/#breadcrumb\",\"itemListElement\":[{\"@type\":\"ListItem\",\"position\":1,\"name\":\"Ana sayfa\",\"item\":\"https:\\\/\\\/altinisahsapgalerisi.com\\\/\"},{\"@type\":\"ListItem\",\"position\":2,\"name\":\"Ma\u011faza\",\"item\":\"https:\\\/\\\/altinisahsapgalerisi.com\\\/index.php\\\/magaza\\\/\"},{\"@type\":\"ListItem\",\"position\":3,\"name\":\"KKDL05 L\u00dcKENS AYAK 8X8X20 CM-LA23\"}]},{\"@type\":\"WebSite\",\"@id\":\"https:\\\/\\\/altinisahsapgalerisi.com\\\/#website\",\"url\":\"https:\\\/\\\/altinisahsapgalerisi.com\\\/\",\"name\":\"Alt\u0131n \u0130\u015f Ah\u015fap Galerisi\",\"description\":\"\",\"potentialAction\":[{\"@type\":\"SearchAction\",\"target\":{\"@type\":\"EntryPoint\",\"urlTemplate\":\"https:\\\/\\\/altinisahsapgalerisi.com\\\/?s={search_term_string}\"},\"query-input\":{\"@type\":\"PropertyValueSpecification\",\"valueRequired\":true,\"valueName\":\"search_term_string\"}}],\"inLanguage\":\"tr\"}]}<\/script>\n<!-- \/ Yoast SEO plugin. -->","yoast_head_json":{"title":"KKDL05 L\u00dcKENS AYAK 8X8X20 CM-LA23 - Alt\u0131n \u0130\u015f Ah\u015fap Galerisi","description":"KKDL05 L\u00dcKENS AYAK 8X8X20 CM-LA23 ALTIN \u0130\u015e AH\u015eAP GALER\u0130S\u0130 AVANGARD L\u00dcKENS AYAK","robots":{"index":"index","follow":"follow","max-snippet":"max-snippet:-1","max-image-preview":"max-image-preview:large","max-video-preview":"max-video-preview:-1"},"canonical":"https:\/\/altinisahsapgalerisi.com\/index.php\/urun\/kkdl05-lukens-ayak-8x8x20-cm-la23\/","og_locale":"tr_TR","og_type":"article","og_title":"KKDL05 L\u00dcKENS AYAK 8X8X20 CM-LA23 - Alt\u0131n \u0130\u015f Ah\u015fap Galerisi","og_description":"KKDL05 L\u00dcKENS AYAK 8X8X20 CM-LA23 ALTIN \u0130\u015e AH\u015eAP GALER\u0130S\u0130 AVANGARD L\u00dcKENS AYAK","og_url":"https:\/\/altinisahsapgalerisi.com\/index.php\/urun\/kkdl05-lukens-ayak-8x8x20-cm-la23\/","og_site_name":"Alt\u0131n \u0130\u015f Ah\u015fap Galerisi","article_modified_time":"2026-01-24T13:38:12+00:00","og_image":[{"width":1280,"height":1280,"url":"https:\/\/altinisahsapgalerisi.com\/wp-content\/uploads\/2021\/10\/xzz.jpg","type":"image\/jpeg"}],"twitter_card":"summary_large_image","twitter_misc":{"Tahmini okuma s\u00fcresi":"1 dakika"},"schema":{"@context":"https:\/\/schema.org","@graph":[{"@type":"WebPage","@id":"https:\/\/altinisahsapgalerisi.com\/index.php\/urun\/kkdl05-lukens-ayak-8x8x20-cm-la23\/","url":"https:\/\/altinisahsapgalerisi.com\/index.php\/urun\/kkdl05-lukens-ayak-8x8x20-cm-la23\/","name":"KKDL05 L\u00dcKENS AYAK 8X8X20 CM-LA23 - Alt\u0131n \u0130\u015f Ah\u015fap Galerisi","isPartOf":{"@id":"https:\/\/altinisahsapgalerisi.com\/#website"},"primaryImageOfPage":{"@id":"https:\/\/altinisahsapgalerisi.com\/index.php\/urun\/kkdl05-lukens-ayak-8x8x20-cm-la23\/#primaryimage"},"image":{"@id":"https:\/\/altinisahsapgalerisi.com\/index.php\/urun\/kkdl05-lukens-ayak-8x8x20-cm-la23\/#primaryimage"},"thumbnailUrl":"https:\/\/altinisahsapgalerisi.com\/wp-content\/uploads\/2021\/10\/xzz.jpg","datePublished":"2021-10-07T16:09:18+00:00","dateModified":"2026-01-24T13:38:12+00:00","description":"KKDL05 L\u00dcKENS AYAK 8X8X20 CM-LA23 ALTIN \u0130\u015e AH\u015eAP GALER\u0130S\u0130 AVANGARD L\u00dcKENS AYAK","breadcrumb":{"@id":"https:\/\/altinisahsapgalerisi.com\/index.php\/urun\/kkdl05-lukens-ayak-8x8x20-cm-la23\/#breadcrumb"},"inLanguage":"tr","potentialAction":[{"@type":"ReadAction","target":["https:\/\/altinisahsapgalerisi.com\/index.php\/urun\/kkdl05-lukens-ayak-8x8x20-cm-la23\/"]}]},{"@type":"ImageObject","inLanguage":"tr","@id":"https:\/\/altinisahsapgalerisi.com\/index.php\/urun\/kkdl05-lukens-ayak-8x8x20-cm-la23\/#primaryimage","url":"https:\/\/altinisahsapgalerisi.com\/wp-content\/uploads\/2021\/10\/xzz.jpg","contentUrl":"https:\/\/altinisahsapgalerisi.com\/wp-content\/uploads\/2021\/10\/xzz.jpg","width":1280,"height":1280},{"@type":"BreadcrumbList","@id":"https:\/\/altinisahsapgalerisi.com\/index.php\/urun\/kkdl05-lukens-ayak-8x8x20-cm-la23\/#breadcrumb","itemListElement":[{"@type":"ListItem","position":1,"name":"Ana sayfa","item":"https:\/\/altinisahsapgalerisi.com\/"},{"@type":"ListItem","position":2,"name":"Ma\u011faza","item":"https:\/\/altinisahsapgalerisi.com\/index.php\/magaza\/"},{"@type":"ListItem","position":3,"name":"KKDL05 L\u00dcKENS AYAK 8X8X20 CM-LA23"}]},{"@type":"WebSite","@id":"https:\/\/altinisahsapgalerisi.com\/#website","url":"https:\/\/altinisahsapgalerisi.com\/","name":"Alt\u0131n \u0130\u015f Ah\u015fap Galerisi","description":"","potentialAction":[{"@type":"SearchAction","target":{"@type":"EntryPoint","urlTemplate":"https:\/\/altinisahsapgalerisi.com\/?s={search_term_string}"},"query-input":{"@type":"PropertyValueSpecification","valueRequired":true,"valueName":"search_term_string"}}],"inLanguage":"tr"}]}},"jetpack_sharing_enabled":true,"_links":{"self":[{"href":"https:\/\/altinisahsapgalerisi.com\/index.php\/wp-json\/wp\/v2\/product\/1200","targetHints":{"allow":["GET"]}}],"collection":[{"href":"https:\/\/altinisahsapgalerisi.com\/index.php\/wp-json\/wp\/v2\/product"}],"about":[{"href":"https:\/\/altinisahsapgalerisi.com\/index.php\/wp-json\/wp\/v2\/types\/product"}],"replies":[{"embeddable":true,"href":"https:\/\/altinisahsapgalerisi.com\/index.php\/wp-json\/wp\/v2\/comments?post=1200"}],"wp:featuredmedia":[{"embeddable":true,"href":"https:\/\/altinisahsapgalerisi.com\/index.php\/wp-json\/wp\/v2\/media\/3028"}],"wp:attachment":[{"href":"https:\/\/altinisahsapgalerisi.com\/index.php\/wp-json\/wp\/v2\/media?parent=1200"}],"wp:term":[{"taxonomy":"product_brand","embeddable":true,"href":"https:\/\/altinisahsapgalerisi.com\/index.php\/wp-json\/wp\/v2\/product_brand?post=1200"},{"taxonomy":"product_cat","embeddable":true,"href":"https:\/\/altinisahsapgalerisi.com\/index.php\/wp-json\/wp\/v2\/product_cat?post=1200"},{"taxonomy":"product_tag","embeddable":true,"href":"https:\/\/altinisahsapgalerisi.com\/index.php\/wp-json\/wp\/v2\/product_tag?post=1200"}],"curies":[{"name":"wp","href":"https:\/\/api.w.org\/{rel}","templated":true}]}}