{"id":2005,"date":"2021-10-13T16:59:52","date_gmt":"2021-10-13T13:59:52","guid":{"rendered":"https:\/\/altinisahsapgalerisi.com\/?post_type=product&#038;p=2005"},"modified":"2026-01-26T18:43:39","modified_gmt":"2026-01-26T15:43:39","slug":"tam15-tac-aplik-90x8x12-cm-oa17","status":"publish","type":"product","link":"https:\/\/altinisahsapgalerisi.com\/index.php\/urun\/tam15-tac-aplik-90x8x12-cm-oa17\/","title":{"rendered":"TAM15 TA\u00c7 APL\u0130K 90X8X1,2 CM-OA17"},"content":{"rendered":"","protected":false},"excerpt":{"rendered":"","protected":false},"featured_media":3353,"comment_status":"open","ping_status":"closed","template":"","meta":{"_bbp_topic_count":0,"_bbp_reply_count":0,"_bbp_total_topic_count":0,"_bbp_total_reply_count":0,"_bbp_voice_count":0,"_bbp_anonymous_reply_count":0,"_bbp_topic_count_hidden":0,"_bbp_reply_count_hidden":0,"_bbp_forum_subforum_count":0},"product_brand":[],"product_cat":[176,180],"product_tag":[],"class_list":{"0":"post-2005","1":"product","2":"type-product","3":"status-publish","4":"has-post-thumbnail","6":"product_cat-aplik","7":"product_cat-tac-aplik","9":"first","10":"instock","11":"shipping-taxable","12":"purchasable","13":"product-type-simple"},"yoast_head":"<!-- This site is optimized with the Yoast SEO plugin v27.3 - https:\/\/yoast.com\/product\/yoast-seo-wordpress\/ -->\n<title>TAM15 TA\u00c7 APL\u0130K 90X8X1,2 CM-OA17 - Alt\u0131n \u0130\u015f Ah\u015fap Galerisi<\/title>\n<meta name=\"description\" content=\"TAM15 TA\u00c7 APL\u0130K 90X8X1,2 CM-OA17 ALTIN \u0130\u015e AH\u015eAP GALER\u0130S\u0130 TA\u00c7 APL\u0130K OYMA\" \/>\n<meta name=\"robots\" content=\"index, follow, max-snippet:-1, max-image-preview:large, max-video-preview:-1\" \/>\n<link rel=\"canonical\" href=\"https:\/\/altinisahsapgalerisi.com\/index.php\/urun\/tam15-tac-aplik-90x8x12-cm-oa17\/\" \/>\n<meta property=\"og:locale\" content=\"tr_TR\" \/>\n<meta property=\"og:type\" content=\"article\" \/>\n<meta property=\"og:title\" content=\"TAM15 TA\u00c7 APL\u0130K 90X8X1,2 CM-OA17 - Alt\u0131n \u0130\u015f Ah\u015fap Galerisi\" \/>\n<meta property=\"og:description\" content=\"TAM15 TA\u00c7 APL\u0130K 90X8X1,2 CM-OA17 ALTIN \u0130\u015e AH\u015eAP GALER\u0130S\u0130 TA\u00c7 APL\u0130K OYMA\" \/>\n<meta property=\"og:url\" content=\"https:\/\/altinisahsapgalerisi.com\/index.php\/urun\/tam15-tac-aplik-90x8x12-cm-oa17\/\" \/>\n<meta property=\"og:site_name\" content=\"Alt\u0131n \u0130\u015f Ah\u015fap Galerisi\" \/>\n<meta property=\"article:modified_time\" content=\"2026-01-26T15:43:39+00:00\" \/>\n<meta property=\"og:image\" content=\"https:\/\/altinisahsapgalerisi.com\/wp-content\/uploads\/2021\/10\/dddd.jpg\" \/>\n\t<meta property=\"og:image:width\" content=\"1280\" \/>\n\t<meta property=\"og:image:height\" content=\"852\" \/>\n\t<meta property=\"og:image:type\" content=\"image\/jpeg\" \/>\n<meta name=\"twitter:card\" content=\"summary_large_image\" \/>\n<script type=\"application\/ld+json\" class=\"yoast-schema-graph\">{\"@context\":\"https:\\\/\\\/schema.org\",\"@graph\":[{\"@type\":\"WebPage\",\"@id\":\"https:\\\/\\\/altinisahsapgalerisi.com\\\/index.php\\\/urun\\\/tam15-tac-aplik-90x8x12-cm-oa17\\\/\",\"url\":\"https:\\\/\\\/altinisahsapgalerisi.com\\\/index.php\\\/urun\\\/tam15-tac-aplik-90x8x12-cm-oa17\\\/\",\"name\":\"TAM15 TA\u00c7 APL\u0130K 90X8X1,2 CM-OA17 - Alt\u0131n \u0130\u015f Ah\u015fap Galerisi\",\"isPartOf\":{\"@id\":\"https:\\\/\\\/altinisahsapgalerisi.com\\\/#website\"},\"primaryImageOfPage\":{\"@id\":\"https:\\\/\\\/altinisahsapgalerisi.com\\\/index.php\\\/urun\\\/tam15-tac-aplik-90x8x12-cm-oa17\\\/#primaryimage\"},\"image\":{\"@id\":\"https:\\\/\\\/altinisahsapgalerisi.com\\\/index.php\\\/urun\\\/tam15-tac-aplik-90x8x12-cm-oa17\\\/#primaryimage\"},\"thumbnailUrl\":\"https:\\\/\\\/altinisahsapgalerisi.com\\\/wp-content\\\/uploads\\\/2021\\\/10\\\/dddd.jpg\",\"datePublished\":\"2021-10-13T13:59:52+00:00\",\"dateModified\":\"2026-01-26T15:43:39+00:00\",\"description\":\"TAM15 TA\u00c7 APL\u0130K 90X8X1,2 CM-OA17 ALTIN \u0130\u015e AH\u015eAP GALER\u0130S\u0130 TA\u00c7 APL\u0130K OYMA\",\"breadcrumb\":{\"@id\":\"https:\\\/\\\/altinisahsapgalerisi.com\\\/index.php\\\/urun\\\/tam15-tac-aplik-90x8x12-cm-oa17\\\/#breadcrumb\"},\"inLanguage\":\"tr\",\"potentialAction\":[{\"@type\":\"ReadAction\",\"target\":[\"https:\\\/\\\/altinisahsapgalerisi.com\\\/index.php\\\/urun\\\/tam15-tac-aplik-90x8x12-cm-oa17\\\/\"]}]},{\"@type\":\"ImageObject\",\"inLanguage\":\"tr\",\"@id\":\"https:\\\/\\\/altinisahsapgalerisi.com\\\/index.php\\\/urun\\\/tam15-tac-aplik-90x8x12-cm-oa17\\\/#primaryimage\",\"url\":\"https:\\\/\\\/altinisahsapgalerisi.com\\\/wp-content\\\/uploads\\\/2021\\\/10\\\/dddd.jpg\",\"contentUrl\":\"https:\\\/\\\/altinisahsapgalerisi.com\\\/wp-content\\\/uploads\\\/2021\\\/10\\\/dddd.jpg\",\"width\":1280,\"height\":852},{\"@type\":\"BreadcrumbList\",\"@id\":\"https:\\\/\\\/altinisahsapgalerisi.com\\\/index.php\\\/urun\\\/tam15-tac-aplik-90x8x12-cm-oa17\\\/#breadcrumb\",\"itemListElement\":[{\"@type\":\"ListItem\",\"position\":1,\"name\":\"Ana sayfa\",\"item\":\"https:\\\/\\\/altinisahsapgalerisi.com\\\/\"},{\"@type\":\"ListItem\",\"position\":2,\"name\":\"Ma\u011faza\",\"item\":\"https:\\\/\\\/altinisahsapgalerisi.com\\\/index.php\\\/magaza\\\/\"},{\"@type\":\"ListItem\",\"position\":3,\"name\":\"TAM15 TA\u00c7 APL\u0130K 90X8X1,2 CM-OA17\"}]},{\"@type\":\"WebSite\",\"@id\":\"https:\\\/\\\/altinisahsapgalerisi.com\\\/#website\",\"url\":\"https:\\\/\\\/altinisahsapgalerisi.com\\\/\",\"name\":\"Alt\u0131n \u0130\u015f Ah\u015fap Galerisi\",\"description\":\"\",\"potentialAction\":[{\"@type\":\"SearchAction\",\"target\":{\"@type\":\"EntryPoint\",\"urlTemplate\":\"https:\\\/\\\/altinisahsapgalerisi.com\\\/?s={search_term_string}\"},\"query-input\":{\"@type\":\"PropertyValueSpecification\",\"valueRequired\":true,\"valueName\":\"search_term_string\"}}],\"inLanguage\":\"tr\"}]}<\/script>\n<!-- \/ Yoast SEO plugin. -->","yoast_head_json":{"title":"TAM15 TA\u00c7 APL\u0130K 90X8X1,2 CM-OA17 - Alt\u0131n \u0130\u015f Ah\u015fap Galerisi","description":"TAM15 TA\u00c7 APL\u0130K 90X8X1,2 CM-OA17 ALTIN \u0130\u015e AH\u015eAP GALER\u0130S\u0130 TA\u00c7 APL\u0130K OYMA","robots":{"index":"index","follow":"follow","max-snippet":"max-snippet:-1","max-image-preview":"max-image-preview:large","max-video-preview":"max-video-preview:-1"},"canonical":"https:\/\/altinisahsapgalerisi.com\/index.php\/urun\/tam15-tac-aplik-90x8x12-cm-oa17\/","og_locale":"tr_TR","og_type":"article","og_title":"TAM15 TA\u00c7 APL\u0130K 90X8X1,2 CM-OA17 - Alt\u0131n \u0130\u015f Ah\u015fap Galerisi","og_description":"TAM15 TA\u00c7 APL\u0130K 90X8X1,2 CM-OA17 ALTIN \u0130\u015e AH\u015eAP GALER\u0130S\u0130 TA\u00c7 APL\u0130K OYMA","og_url":"https:\/\/altinisahsapgalerisi.com\/index.php\/urun\/tam15-tac-aplik-90x8x12-cm-oa17\/","og_site_name":"Alt\u0131n \u0130\u015f Ah\u015fap Galerisi","article_modified_time":"2026-01-26T15:43:39+00:00","og_image":[{"width":1280,"height":852,"url":"https:\/\/altinisahsapgalerisi.com\/wp-content\/uploads\/2021\/10\/dddd.jpg","type":"image\/jpeg"}],"twitter_card":"summary_large_image","schema":{"@context":"https:\/\/schema.org","@graph":[{"@type":"WebPage","@id":"https:\/\/altinisahsapgalerisi.com\/index.php\/urun\/tam15-tac-aplik-90x8x12-cm-oa17\/","url":"https:\/\/altinisahsapgalerisi.com\/index.php\/urun\/tam15-tac-aplik-90x8x12-cm-oa17\/","name":"TAM15 TA\u00c7 APL\u0130K 90X8X1,2 CM-OA17 - Alt\u0131n \u0130\u015f Ah\u015fap Galerisi","isPartOf":{"@id":"https:\/\/altinisahsapgalerisi.com\/#website"},"primaryImageOfPage":{"@id":"https:\/\/altinisahsapgalerisi.com\/index.php\/urun\/tam15-tac-aplik-90x8x12-cm-oa17\/#primaryimage"},"image":{"@id":"https:\/\/altinisahsapgalerisi.com\/index.php\/urun\/tam15-tac-aplik-90x8x12-cm-oa17\/#primaryimage"},"thumbnailUrl":"https:\/\/altinisahsapgalerisi.com\/wp-content\/uploads\/2021\/10\/dddd.jpg","datePublished":"2021-10-13T13:59:52+00:00","dateModified":"2026-01-26T15:43:39+00:00","description":"TAM15 TA\u00c7 APL\u0130K 90X8X1,2 CM-OA17 ALTIN \u0130\u015e AH\u015eAP GALER\u0130S\u0130 TA\u00c7 APL\u0130K OYMA","breadcrumb":{"@id":"https:\/\/altinisahsapgalerisi.com\/index.php\/urun\/tam15-tac-aplik-90x8x12-cm-oa17\/#breadcrumb"},"inLanguage":"tr","potentialAction":[{"@type":"ReadAction","target":["https:\/\/altinisahsapgalerisi.com\/index.php\/urun\/tam15-tac-aplik-90x8x12-cm-oa17\/"]}]},{"@type":"ImageObject","inLanguage":"tr","@id":"https:\/\/altinisahsapgalerisi.com\/index.php\/urun\/tam15-tac-aplik-90x8x12-cm-oa17\/#primaryimage","url":"https:\/\/altinisahsapgalerisi.com\/wp-content\/uploads\/2021\/10\/dddd.jpg","contentUrl":"https:\/\/altinisahsapgalerisi.com\/wp-content\/uploads\/2021\/10\/dddd.jpg","width":1280,"height":852},{"@type":"BreadcrumbList","@id":"https:\/\/altinisahsapgalerisi.com\/index.php\/urun\/tam15-tac-aplik-90x8x12-cm-oa17\/#breadcrumb","itemListElement":[{"@type":"ListItem","position":1,"name":"Ana sayfa","item":"https:\/\/altinisahsapgalerisi.com\/"},{"@type":"ListItem","position":2,"name":"Ma\u011faza","item":"https:\/\/altinisahsapgalerisi.com\/index.php\/magaza\/"},{"@type":"ListItem","position":3,"name":"TAM15 TA\u00c7 APL\u0130K 90X8X1,2 CM-OA17"}]},{"@type":"WebSite","@id":"https:\/\/altinisahsapgalerisi.com\/#website","url":"https:\/\/altinisahsapgalerisi.com\/","name":"Alt\u0131n \u0130\u015f Ah\u015fap Galerisi","description":"","potentialAction":[{"@type":"SearchAction","target":{"@type":"EntryPoint","urlTemplate":"https:\/\/altinisahsapgalerisi.com\/?s={search_term_string}"},"query-input":{"@type":"PropertyValueSpecification","valueRequired":true,"valueName":"search_term_string"}}],"inLanguage":"tr"}]}},"jetpack_sharing_enabled":true,"_links":{"self":[{"href":"https:\/\/altinisahsapgalerisi.com\/index.php\/wp-json\/wp\/v2\/product\/2005","targetHints":{"allow":["GET"]}}],"collection":[{"href":"https:\/\/altinisahsapgalerisi.com\/index.php\/wp-json\/wp\/v2\/product"}],"about":[{"href":"https:\/\/altinisahsapgalerisi.com\/index.php\/wp-json\/wp\/v2\/types\/product"}],"replies":[{"embeddable":true,"href":"https:\/\/altinisahsapgalerisi.com\/index.php\/wp-json\/wp\/v2\/comments?post=2005"}],"wp:featuredmedia":[{"embeddable":true,"href":"https:\/\/altinisahsapgalerisi.com\/index.php\/wp-json\/wp\/v2\/media\/3353"}],"wp:attachment":[{"href":"https:\/\/altinisahsapgalerisi.com\/index.php\/wp-json\/wp\/v2\/media?parent=2005"}],"wp:term":[{"taxonomy":"product_brand","embeddable":true,"href":"https:\/\/altinisahsapgalerisi.com\/index.php\/wp-json\/wp\/v2\/product_brand?post=2005"},{"taxonomy":"product_cat","embeddable":true,"href":"https:\/\/altinisahsapgalerisi.com\/index.php\/wp-json\/wp\/v2\/product_cat?post=2005"},{"taxonomy":"product_tag","embeddable":true,"href":"https:\/\/altinisahsapgalerisi.com\/index.php\/wp-json\/wp\/v2\/product_tag?post=2005"}],"curies":[{"name":"wp","href":"https:\/\/api.w.org\/{rel}","templated":true}]}}