{"id":2565,"date":"2021-10-20T00:36:23","date_gmt":"2021-10-19T21:36:23","guid":{"rendered":"https:\/\/altinisahsapgalerisi.com\/?post_type=product&#038;p=2565"},"modified":"2025-11-03T18:14:41","modified_gmt":"2025-11-03T15:14:41","slug":"mkc90-baskili-cita-37x11-mm-bc04","status":"publish","type":"product","link":"https:\/\/altinisahsapgalerisi.com\/index.php\/urun\/mkc90-baskili-cita-37x11-mm-bc04\/","title":{"rendered":"MKC90 BASKILI \u00c7ITA 37X11 MM-BC04"},"content":{"rendered":"<p><b><strong><u>\u00d6l\u00e7\u00fc Bilgiler<\/u><\/strong><\/b><\/p>\n<p style=\"font-weight: 400;\">\u00d8\u00a0\u00a0<b><strong>En\u00a0\u00a0\u00a0\u00a0:3,7 cm<\/strong><\/b><\/p>\n<p style=\"font-weight: 400;\">\u00d8\u00a0\u00a0<b><strong>Kal\u0131nl\u0131k\u00a0\u00a0:1,1 cm<\/strong><\/b><\/p>\n<p style=\"font-weight: 400;\">\u00d8\u00a0\u00a0<b><strong>Uzunluk\u00a0 :2,5\u00a0metre<\/strong><\/b><\/p>\n<p style=\"font-weight: 400;\">\n<ul>\n<li style=\"font-weight: 400;\"><b><strong><u>1 Metre fiyat\u0131d\u0131r.<\/u><\/strong><\/b><\/li>\n<li style=\"font-weight: 400;\"><b><strong>1 Boy ah\u015fap dekoratif \u00e7\u0131ta 2,5 metre uzunlu\u011fundad\u0131r.<\/strong><\/b><\/li>\n<\/ul>\n","protected":false},"excerpt":{"rendered":"<p>\u00d6l\u00e7\u00fc Bilgiler \u00d8\u00a0\u00a0En\u00a0\u00a0\u00a0\u00a0:3,7 cm \u00d8\u00a0\u00a0Kal\u0131nl\u0131k\u00a0\u00a0:1,1 cm \u00d8\u00a0\u00a0Uzunluk\u00a0 :2,5\u00a0metre 1 Metre fiyat\u0131d\u0131r. 1 Boy ah\u015fap dekoratif \u00e7\u0131ta 2,5 metre uzunlu\u011fundad\u0131r.<\/p>\n","protected":false},"featured_media":2562,"comment_status":"open","ping_status":"closed","template":"","meta":{"_bbp_topic_count":0,"_bbp_reply_count":0,"_bbp_total_topic_count":0,"_bbp_total_reply_count":0,"_bbp_voice_count":0,"_bbp_anonymous_reply_count":0,"_bbp_topic_count_hidden":0,"_bbp_reply_count_hidden":0,"_bbp_forum_subforum_count":0},"product_brand":[],"product_cat":[171,173],"product_tag":[],"class_list":{"0":"post-2565","1":"product","2":"type-product","3":"status-publish","4":"has-post-thumbnail","6":"product_cat-cita","7":"product_cat-motifli-kayin-cita","9":"first","10":"instock","11":"shipping-taxable","12":"purchasable","13":"product-type-simple"},"yoast_head":"<!-- This site is optimized with the Yoast SEO plugin v27.3 - https:\/\/yoast.com\/product\/yoast-seo-wordpress\/ -->\n<title>MKC90 BASKILI \u00c7ITA 37X11 MM-BC04 - Alt\u0131n \u0130\u015f Ah\u015fap Galerisi<\/title>\n<meta name=\"description\" content=\"MKC90 BASKILI \u00c7ITA 37X11 MM-BC04 ALTIN \u0130\u015e AH\u015eAP GALER\u0130S\u0130 MOT\u0130FL\u0130 KAYIN \u00c7ITA\" \/>\n<meta name=\"robots\" content=\"index, follow, max-snippet:-1, max-image-preview:large, max-video-preview:-1\" \/>\n<link rel=\"canonical\" href=\"https:\/\/altinisahsapgalerisi.com\/index.php\/urun\/mkc90-baskili-cita-37x11-mm-bc04\/\" \/>\n<meta property=\"og:locale\" content=\"tr_TR\" \/>\n<meta property=\"og:type\" content=\"article\" \/>\n<meta property=\"og:title\" content=\"MKC90 BASKILI \u00c7ITA 37X11 MM-BC04 - Alt\u0131n \u0130\u015f Ah\u015fap Galerisi\" \/>\n<meta property=\"og:description\" content=\"MKC90 BASKILI \u00c7ITA 37X11 MM-BC04 ALTIN \u0130\u015e AH\u015eAP GALER\u0130S\u0130 MOT\u0130FL\u0130 KAYIN \u00c7ITA\" \/>\n<meta property=\"og:url\" content=\"https:\/\/altinisahsapgalerisi.com\/index.php\/urun\/mkc90-baskili-cita-37x11-mm-bc04\/\" \/>\n<meta property=\"og:site_name\" content=\"Alt\u0131n \u0130\u015f Ah\u015fap Galerisi\" \/>\n<meta property=\"article:modified_time\" content=\"2025-11-03T15:14:41+00:00\" \/>\n<meta property=\"og:image\" content=\"https:\/\/altinisahsapgalerisi.com\/wp-content\/uploads\/2021\/10\/MKC90.jpeg\" \/>\n\t<meta property=\"og:image:width\" content=\"1280\" \/>\n\t<meta property=\"og:image:height\" content=\"1113\" \/>\n\t<meta property=\"og:image:type\" content=\"image\/jpeg\" \/>\n<meta name=\"twitter:card\" content=\"summary_large_image\" \/>\n<meta name=\"twitter:label1\" content=\"Tahmini okuma s\u00fcresi\" \/>\n\t<meta name=\"twitter:data1\" content=\"1 dakika\" \/>\n<script type=\"application\/ld+json\" class=\"yoast-schema-graph\">{\"@context\":\"https:\\\/\\\/schema.org\",\"@graph\":[{\"@type\":\"WebPage\",\"@id\":\"https:\\\/\\\/altinisahsapgalerisi.com\\\/index.php\\\/urun\\\/mkc90-baskili-cita-37x11-mm-bc04\\\/\",\"url\":\"https:\\\/\\\/altinisahsapgalerisi.com\\\/index.php\\\/urun\\\/mkc90-baskili-cita-37x11-mm-bc04\\\/\",\"name\":\"MKC90 BASKILI \u00c7ITA 37X11 MM-BC04 - Alt\u0131n \u0130\u015f Ah\u015fap Galerisi\",\"isPartOf\":{\"@id\":\"https:\\\/\\\/altinisahsapgalerisi.com\\\/#website\"},\"primaryImageOfPage\":{\"@id\":\"https:\\\/\\\/altinisahsapgalerisi.com\\\/index.php\\\/urun\\\/mkc90-baskili-cita-37x11-mm-bc04\\\/#primaryimage\"},\"image\":{\"@id\":\"https:\\\/\\\/altinisahsapgalerisi.com\\\/index.php\\\/urun\\\/mkc90-baskili-cita-37x11-mm-bc04\\\/#primaryimage\"},\"thumbnailUrl\":\"https:\\\/\\\/altinisahsapgalerisi.com\\\/wp-content\\\/uploads\\\/2021\\\/10\\\/MKC90.jpeg\",\"datePublished\":\"2021-10-19T21:36:23+00:00\",\"dateModified\":\"2025-11-03T15:14:41+00:00\",\"description\":\"MKC90 BASKILI \u00c7ITA 37X11 MM-BC04 ALTIN \u0130\u015e AH\u015eAP GALER\u0130S\u0130 MOT\u0130FL\u0130 KAYIN \u00c7ITA\",\"breadcrumb\":{\"@id\":\"https:\\\/\\\/altinisahsapgalerisi.com\\\/index.php\\\/urun\\\/mkc90-baskili-cita-37x11-mm-bc04\\\/#breadcrumb\"},\"inLanguage\":\"tr\",\"potentialAction\":[{\"@type\":\"ReadAction\",\"target\":[\"https:\\\/\\\/altinisahsapgalerisi.com\\\/index.php\\\/urun\\\/mkc90-baskili-cita-37x11-mm-bc04\\\/\"]}]},{\"@type\":\"ImageObject\",\"inLanguage\":\"tr\",\"@id\":\"https:\\\/\\\/altinisahsapgalerisi.com\\\/index.php\\\/urun\\\/mkc90-baskili-cita-37x11-mm-bc04\\\/#primaryimage\",\"url\":\"https:\\\/\\\/altinisahsapgalerisi.com\\\/wp-content\\\/uploads\\\/2021\\\/10\\\/MKC90.jpeg\",\"contentUrl\":\"https:\\\/\\\/altinisahsapgalerisi.com\\\/wp-content\\\/uploads\\\/2021\\\/10\\\/MKC90.jpeg\",\"width\":1280,\"height\":1113},{\"@type\":\"BreadcrumbList\",\"@id\":\"https:\\\/\\\/altinisahsapgalerisi.com\\\/index.php\\\/urun\\\/mkc90-baskili-cita-37x11-mm-bc04\\\/#breadcrumb\",\"itemListElement\":[{\"@type\":\"ListItem\",\"position\":1,\"name\":\"Ana sayfa\",\"item\":\"https:\\\/\\\/altinisahsapgalerisi.com\\\/\"},{\"@type\":\"ListItem\",\"position\":2,\"name\":\"Ma\u011faza\",\"item\":\"https:\\\/\\\/altinisahsapgalerisi.com\\\/index.php\\\/magaza\\\/\"},{\"@type\":\"ListItem\",\"position\":3,\"name\":\"MKC90 BASKILI \u00c7ITA 37X11 MM-BC04\"}]},{\"@type\":\"WebSite\",\"@id\":\"https:\\\/\\\/altinisahsapgalerisi.com\\\/#website\",\"url\":\"https:\\\/\\\/altinisahsapgalerisi.com\\\/\",\"name\":\"Alt\u0131n \u0130\u015f Ah\u015fap Galerisi\",\"description\":\"\",\"potentialAction\":[{\"@type\":\"SearchAction\",\"target\":{\"@type\":\"EntryPoint\",\"urlTemplate\":\"https:\\\/\\\/altinisahsapgalerisi.com\\\/?s={search_term_string}\"},\"query-input\":{\"@type\":\"PropertyValueSpecification\",\"valueRequired\":true,\"valueName\":\"search_term_string\"}}],\"inLanguage\":\"tr\"}]}<\/script>\n<!-- \/ Yoast SEO plugin. -->","yoast_head_json":{"title":"MKC90 BASKILI \u00c7ITA 37X11 MM-BC04 - Alt\u0131n \u0130\u015f Ah\u015fap Galerisi","description":"MKC90 BASKILI \u00c7ITA 37X11 MM-BC04 ALTIN \u0130\u015e AH\u015eAP GALER\u0130S\u0130 MOT\u0130FL\u0130 KAYIN \u00c7ITA","robots":{"index":"index","follow":"follow","max-snippet":"max-snippet:-1","max-image-preview":"max-image-preview:large","max-video-preview":"max-video-preview:-1"},"canonical":"https:\/\/altinisahsapgalerisi.com\/index.php\/urun\/mkc90-baskili-cita-37x11-mm-bc04\/","og_locale":"tr_TR","og_type":"article","og_title":"MKC90 BASKILI \u00c7ITA 37X11 MM-BC04 - Alt\u0131n \u0130\u015f Ah\u015fap Galerisi","og_description":"MKC90 BASKILI \u00c7ITA 37X11 MM-BC04 ALTIN \u0130\u015e AH\u015eAP GALER\u0130S\u0130 MOT\u0130FL\u0130 KAYIN \u00c7ITA","og_url":"https:\/\/altinisahsapgalerisi.com\/index.php\/urun\/mkc90-baskili-cita-37x11-mm-bc04\/","og_site_name":"Alt\u0131n \u0130\u015f Ah\u015fap Galerisi","article_modified_time":"2025-11-03T15:14:41+00:00","og_image":[{"width":1280,"height":1113,"url":"https:\/\/altinisahsapgalerisi.com\/wp-content\/uploads\/2021\/10\/MKC90.jpeg","type":"image\/jpeg"}],"twitter_card":"summary_large_image","twitter_misc":{"Tahmini okuma s\u00fcresi":"1 dakika"},"schema":{"@context":"https:\/\/schema.org","@graph":[{"@type":"WebPage","@id":"https:\/\/altinisahsapgalerisi.com\/index.php\/urun\/mkc90-baskili-cita-37x11-mm-bc04\/","url":"https:\/\/altinisahsapgalerisi.com\/index.php\/urun\/mkc90-baskili-cita-37x11-mm-bc04\/","name":"MKC90 BASKILI \u00c7ITA 37X11 MM-BC04 - Alt\u0131n \u0130\u015f Ah\u015fap Galerisi","isPartOf":{"@id":"https:\/\/altinisahsapgalerisi.com\/#website"},"primaryImageOfPage":{"@id":"https:\/\/altinisahsapgalerisi.com\/index.php\/urun\/mkc90-baskili-cita-37x11-mm-bc04\/#primaryimage"},"image":{"@id":"https:\/\/altinisahsapgalerisi.com\/index.php\/urun\/mkc90-baskili-cita-37x11-mm-bc04\/#primaryimage"},"thumbnailUrl":"https:\/\/altinisahsapgalerisi.com\/wp-content\/uploads\/2021\/10\/MKC90.jpeg","datePublished":"2021-10-19T21:36:23+00:00","dateModified":"2025-11-03T15:14:41+00:00","description":"MKC90 BASKILI \u00c7ITA 37X11 MM-BC04 ALTIN \u0130\u015e AH\u015eAP GALER\u0130S\u0130 MOT\u0130FL\u0130 KAYIN \u00c7ITA","breadcrumb":{"@id":"https:\/\/altinisahsapgalerisi.com\/index.php\/urun\/mkc90-baskili-cita-37x11-mm-bc04\/#breadcrumb"},"inLanguage":"tr","potentialAction":[{"@type":"ReadAction","target":["https:\/\/altinisahsapgalerisi.com\/index.php\/urun\/mkc90-baskili-cita-37x11-mm-bc04\/"]}]},{"@type":"ImageObject","inLanguage":"tr","@id":"https:\/\/altinisahsapgalerisi.com\/index.php\/urun\/mkc90-baskili-cita-37x11-mm-bc04\/#primaryimage","url":"https:\/\/altinisahsapgalerisi.com\/wp-content\/uploads\/2021\/10\/MKC90.jpeg","contentUrl":"https:\/\/altinisahsapgalerisi.com\/wp-content\/uploads\/2021\/10\/MKC90.jpeg","width":1280,"height":1113},{"@type":"BreadcrumbList","@id":"https:\/\/altinisahsapgalerisi.com\/index.php\/urun\/mkc90-baskili-cita-37x11-mm-bc04\/#breadcrumb","itemListElement":[{"@type":"ListItem","position":1,"name":"Ana sayfa","item":"https:\/\/altinisahsapgalerisi.com\/"},{"@type":"ListItem","position":2,"name":"Ma\u011faza","item":"https:\/\/altinisahsapgalerisi.com\/index.php\/magaza\/"},{"@type":"ListItem","position":3,"name":"MKC90 BASKILI \u00c7ITA 37X11 MM-BC04"}]},{"@type":"WebSite","@id":"https:\/\/altinisahsapgalerisi.com\/#website","url":"https:\/\/altinisahsapgalerisi.com\/","name":"Alt\u0131n \u0130\u015f Ah\u015fap Galerisi","description":"","potentialAction":[{"@type":"SearchAction","target":{"@type":"EntryPoint","urlTemplate":"https:\/\/altinisahsapgalerisi.com\/?s={search_term_string}"},"query-input":{"@type":"PropertyValueSpecification","valueRequired":true,"valueName":"search_term_string"}}],"inLanguage":"tr"}]}},"jetpack_sharing_enabled":true,"_links":{"self":[{"href":"https:\/\/altinisahsapgalerisi.com\/index.php\/wp-json\/wp\/v2\/product\/2565","targetHints":{"allow":["GET"]}}],"collection":[{"href":"https:\/\/altinisahsapgalerisi.com\/index.php\/wp-json\/wp\/v2\/product"}],"about":[{"href":"https:\/\/altinisahsapgalerisi.com\/index.php\/wp-json\/wp\/v2\/types\/product"}],"replies":[{"embeddable":true,"href":"https:\/\/altinisahsapgalerisi.com\/index.php\/wp-json\/wp\/v2\/comments?post=2565"}],"wp:featuredmedia":[{"embeddable":true,"href":"https:\/\/altinisahsapgalerisi.com\/index.php\/wp-json\/wp\/v2\/media\/2562"}],"wp:attachment":[{"href":"https:\/\/altinisahsapgalerisi.com\/index.php\/wp-json\/wp\/v2\/media?parent=2565"}],"wp:term":[{"taxonomy":"product_brand","embeddable":true,"href":"https:\/\/altinisahsapgalerisi.com\/index.php\/wp-json\/wp\/v2\/product_brand?post=2565"},{"taxonomy":"product_cat","embeddable":true,"href":"https:\/\/altinisahsapgalerisi.com\/index.php\/wp-json\/wp\/v2\/product_cat?post=2565"},{"taxonomy":"product_tag","embeddable":true,"href":"https:\/\/altinisahsapgalerisi.com\/index.php\/wp-json\/wp\/v2\/product_tag?post=2565"}],"curies":[{"name":"wp","href":"https:\/\/api.w.org\/{rel}","templated":true}]}}