{"id":2594,"date":"2021-10-20T01:16:35","date_gmt":"2021-10-19T22:16:35","guid":{"rendered":"https:\/\/altinisahsapgalerisi.com\/?post_type=product&#038;p=2594"},"modified":"2026-01-16T17:55:05","modified_gmt":"2026-01-16T14:55:05","slug":"mkc101-kayin-modelli-cita-30x12-mm-mc04","status":"publish","type":"product","link":"https:\/\/altinisahsapgalerisi.com\/index.php\/urun\/mkc101-kayin-modelli-cita-30x12-mm-mc04\/","title":{"rendered":"MKC101 KAYIN MODELL\u0130 \u00c7ITA 30X12 MM-MC04"},"content":{"rendered":"<p><b><strong><u>\u00d6l\u00e7\u00fc Bilgiler<\/u><\/strong><\/b><\/p>\n<p style=\"font-weight: 400;\">\u00d8\u00a0\u00a0<b><strong>En\u00a0\u00a0\u00a0\u00a0:3 cm<\/strong><\/b><\/p>\n<p style=\"font-weight: 400;\">\u00d8\u00a0\u00a0<b><strong>Kal\u0131nl\u0131k\u00a0\u00a0:1,2 cm<\/strong><\/b><\/p>\n<p style=\"font-weight: 400;\">\u00d8\u00a0\u00a0<b><strong>Uzunluk :2,5 Metre<\/strong><\/b><\/p>\n<ul>\n<li style=\"font-weight: 400;\"><b><strong><u>1 Metre fiyat\u0131d\u0131r.<\/u><\/strong><\/b><\/li>\n<li style=\"font-weight: 400;\"><b><strong>1 Boy ah\u015fap dekoratif \u00e7\u0131ta 2,5 metre uzunlu\u011fundad\u0131r.<\/strong><\/b><\/li>\n<li style=\"font-weight: 400;\"><b><strong>Ah\u015fap\u00a0<\/strong><\/b>\u2018dan \u00fcretilerek farkl\u0131 alanlarda ve mobilyalarda estetik b\u00fct\u00fcnl\u00fc\u011f\u00fcn elde edilmesinde\u00a0<b><strong>\u00e7\u0131ta<\/strong><\/b>\u00a0kullan\u0131m\u0131nda yararlan\u0131lmaktad\u0131r.<\/li>\n<\/ul>\n<p style=\"font-weight: 400;\">\u00a0\u00a0\u00a0\u00a0\u00a0<b><strong>Ah\u015fap \u00e7\u0131ta<\/strong><\/b>\u00a0\u00fcr\u00fcnleri ebatlar\u0131n\u0131n yan\u0131 s\u0131ra kullan\u0131m alan\u0131na g\u00f6re de\u011fi\u015fen \u00fcretim detaylar\u0131na da sahiptir. Desenlere sahip olan\u00a0<b><strong>dekoratif\u00a0\u00a0<\/strong><\/b><\/p>\n<p style=\"font-weight: 400;\"><b><strong>\u00a0\u00a0\u00a0\u00a0 mobilya \u00e7\u0131talar\u0131;\u00a0<\/strong><\/b><b><strong>Dolap<\/strong><\/b>,<b><strong>\u00a0<\/strong><\/b>duvar,\u00a0<b><strong>mobilya<\/strong><\/b>, kap\u0131,\u00a0<b><strong>ayna<\/strong><\/b>, gard\u0131rop ve benzeri yerlerde s\u0131kl\u0131kla kar\u015f\u0131m\u0131za \u00e7\u0131kar. Bunun yan\u0131 s\u0131ra dekoratif<\/p>\n<p style=\"font-weight: 400;\">\u00a0\u00a0\u00a0\u00a0\u00a0\u00e7\u0131ta kullan\u0131mlar\u0131 mobilyalara\u00a0estetik bir dokunu\u015f kazand\u0131r\u0131rken istenen dekorasyon stilinin elde edilmesine de destek sunar.<\/p>\n<ul>\n<li style=\"font-weight: 400;\">\u00dcr\u00fcn\u00fcm\u00fcz boyas\u0131z ham g\u00f6nderilir ve istenilen boya ve renk ile boyanabilir.<\/li>\n<li style=\"font-weight: 400;\">Evinizin, ofisiniz ve g\u00fcndelik ya\u015fam alan\u0131n\u0131za g\u00f6rsel \u015f\u0131kl\u0131k getirir.<\/li>\n<li style=\"font-weight: 400;\">\u00dcr\u00fcnlerimizin imalat\u0131nda ekstra kalite ve f\u0131r\u0131nlanm\u0131\u015f a\u011fa\u00e7 kullan\u0131lm\u0131\u015ft\u0131r.<\/li>\n<li style=\"font-weight: 400;\">Tasar\u0131m ve\u00a0i\u015f\u00e7ilik\u00a0hatalar\u0131ndan kaynakl\u0131 minimize \u00f6l\u00e7\u00fc farkl\u0131l\u0131klar\u0131 olabilir.<\/li>\n<\/ul>\n","protected":false},"excerpt":{"rendered":"<p>\u00d6l\u00e7\u00fc Bilgiler \u00d8\u00a0\u00a0En\u00a0\u00a0\u00a0\u00a0:3 cm \u00d8\u00a0\u00a0Kal\u0131nl\u0131k\u00a0\u00a0:1,2 cm \u00d8\u00a0\u00a0Uzunluk :2,5 Metre 1 Metre fiyat\u0131d\u0131r. 1 Boy ah\u015fap dekoratif \u00e7\u0131ta 2,5 metre uzunlu\u011fundad\u0131r. Ah\u015fap\u00a0\u2018dan \u00fcretilerek farkl\u0131 alanlarda ve mobilyalarda estetik b\u00fct\u00fcnl\u00fc\u011f\u00fcn elde edilmesinde\u00a0\u00e7\u0131ta\u00a0kullan\u0131m\u0131nda yararlan\u0131lmaktad\u0131r. \u00a0\u00a0\u00a0\u00a0\u00a0Ah\u015fap \u00e7\u0131ta\u00a0\u00fcr\u00fcnleri ebatlar\u0131n\u0131n yan\u0131 s\u0131ra kullan\u0131m alan\u0131na g\u00f6re de\u011fi\u015fen \u00fcretim detaylar\u0131na da sahiptir. Desenlere sahip olan\u00a0dekoratif\u00a0\u00a0 \u00a0\u00a0\u00a0\u00a0 mobilya \u00e7\u0131talar\u0131;\u00a0Dolap,\u00a0duvar,\u00a0mobilya, kap\u0131,\u00a0ayna, gard\u0131rop ve benzeri yerlerde [&hellip;]<\/p>\n","protected":false},"featured_media":2595,"comment_status":"open","ping_status":"closed","template":"","meta":{"_bbp_topic_count":0,"_bbp_reply_count":0,"_bbp_total_topic_count":0,"_bbp_total_reply_count":0,"_bbp_voice_count":0,"_bbp_anonymous_reply_count":0,"_bbp_topic_count_hidden":0,"_bbp_reply_count_hidden":0,"_bbp_forum_subforum_count":0},"product_brand":[],"product_cat":[171,206],"product_tag":[],"class_list":{"0":"post-2594","1":"product","2":"type-product","3":"status-publish","4":"has-post-thumbnail","6":"product_cat-cita","7":"product_cat-duz-kayin-cita-motifsiz","9":"first","10":"instock","11":"shipping-taxable","12":"purchasable","13":"product-type-simple"},"yoast_head":"<!-- This site is optimized with the Yoast SEO plugin v27.3 - https:\/\/yoast.com\/product\/yoast-seo-wordpress\/ -->\n<title>MKC101 KAYIN MODELL\u0130 \u00c7ITA 30X12 MM-MC04 - Alt\u0131n \u0130\u015f Ah\u015fap Galerisi<\/title>\n<meta name=\"description\" content=\"MKC101 KAYIN MODELL\u0130 \u00c7ITA 30X12 MM-MC04 ALTIN \u0130\u015e AH\u015eAP GALER\u0130S\u0130 MOT\u0130FL\u0130 KAYIN \u00c7ITA\" \/>\n<meta name=\"robots\" content=\"index, follow, max-snippet:-1, max-image-preview:large, max-video-preview:-1\" \/>\n<link rel=\"canonical\" href=\"https:\/\/altinisahsapgalerisi.com\/index.php\/urun\/mkc101-kayin-modelli-cita-30x12-mm-mc04\/\" \/>\n<meta property=\"og:locale\" content=\"tr_TR\" \/>\n<meta property=\"og:type\" content=\"article\" \/>\n<meta property=\"og:title\" content=\"MKC101 KAYIN MODELL\u0130 \u00c7ITA 30X12 MM-MC04 - Alt\u0131n \u0130\u015f Ah\u015fap Galerisi\" \/>\n<meta property=\"og:description\" content=\"MKC101 KAYIN MODELL\u0130 \u00c7ITA 30X12 MM-MC04 ALTIN \u0130\u015e AH\u015eAP GALER\u0130S\u0130 MOT\u0130FL\u0130 KAYIN \u00c7ITA\" \/>\n<meta property=\"og:url\" content=\"https:\/\/altinisahsapgalerisi.com\/index.php\/urun\/mkc101-kayin-modelli-cita-30x12-mm-mc04\/\" \/>\n<meta property=\"og:site_name\" content=\"Alt\u0131n \u0130\u015f Ah\u015fap Galerisi\" \/>\n<meta property=\"article:modified_time\" content=\"2026-01-16T14:55:05+00:00\" \/>\n<meta property=\"og:image\" content=\"https:\/\/altinisahsapgalerisi.com\/wp-content\/uploads\/2021\/10\/MKC101.jpeg\" \/>\n\t<meta property=\"og:image:width\" content=\"1280\" \/>\n\t<meta property=\"og:image:height\" content=\"1113\" \/>\n\t<meta property=\"og:image:type\" content=\"image\/jpeg\" \/>\n<meta name=\"twitter:card\" content=\"summary_large_image\" \/>\n<meta name=\"twitter:label1\" content=\"Tahmini okuma s\u00fcresi\" \/>\n\t<meta name=\"twitter:data1\" content=\"1 dakika\" \/>\n<script type=\"application\/ld+json\" class=\"yoast-schema-graph\">{\"@context\":\"https:\\\/\\\/schema.org\",\"@graph\":[{\"@type\":\"WebPage\",\"@id\":\"https:\\\/\\\/altinisahsapgalerisi.com\\\/index.php\\\/urun\\\/mkc101-kayin-modelli-cita-30x12-mm-mc04\\\/\",\"url\":\"https:\\\/\\\/altinisahsapgalerisi.com\\\/index.php\\\/urun\\\/mkc101-kayin-modelli-cita-30x12-mm-mc04\\\/\",\"name\":\"MKC101 KAYIN MODELL\u0130 \u00c7ITA 30X12 MM-MC04 - Alt\u0131n \u0130\u015f Ah\u015fap Galerisi\",\"isPartOf\":{\"@id\":\"https:\\\/\\\/altinisahsapgalerisi.com\\\/#website\"},\"primaryImageOfPage\":{\"@id\":\"https:\\\/\\\/altinisahsapgalerisi.com\\\/index.php\\\/urun\\\/mkc101-kayin-modelli-cita-30x12-mm-mc04\\\/#primaryimage\"},\"image\":{\"@id\":\"https:\\\/\\\/altinisahsapgalerisi.com\\\/index.php\\\/urun\\\/mkc101-kayin-modelli-cita-30x12-mm-mc04\\\/#primaryimage\"},\"thumbnailUrl\":\"https:\\\/\\\/altinisahsapgalerisi.com\\\/wp-content\\\/uploads\\\/2021\\\/10\\\/MKC101.jpeg\",\"datePublished\":\"2021-10-19T22:16:35+00:00\",\"dateModified\":\"2026-01-16T14:55:05+00:00\",\"description\":\"MKC101 KAYIN MODELL\u0130 \u00c7ITA 30X12 MM-MC04 ALTIN \u0130\u015e AH\u015eAP GALER\u0130S\u0130 MOT\u0130FL\u0130 KAYIN \u00c7ITA\",\"breadcrumb\":{\"@id\":\"https:\\\/\\\/altinisahsapgalerisi.com\\\/index.php\\\/urun\\\/mkc101-kayin-modelli-cita-30x12-mm-mc04\\\/#breadcrumb\"},\"inLanguage\":\"tr\",\"potentialAction\":[{\"@type\":\"ReadAction\",\"target\":[\"https:\\\/\\\/altinisahsapgalerisi.com\\\/index.php\\\/urun\\\/mkc101-kayin-modelli-cita-30x12-mm-mc04\\\/\"]}]},{\"@type\":\"ImageObject\",\"inLanguage\":\"tr\",\"@id\":\"https:\\\/\\\/altinisahsapgalerisi.com\\\/index.php\\\/urun\\\/mkc101-kayin-modelli-cita-30x12-mm-mc04\\\/#primaryimage\",\"url\":\"https:\\\/\\\/altinisahsapgalerisi.com\\\/wp-content\\\/uploads\\\/2021\\\/10\\\/MKC101.jpeg\",\"contentUrl\":\"https:\\\/\\\/altinisahsapgalerisi.com\\\/wp-content\\\/uploads\\\/2021\\\/10\\\/MKC101.jpeg\",\"width\":1280,\"height\":1113},{\"@type\":\"BreadcrumbList\",\"@id\":\"https:\\\/\\\/altinisahsapgalerisi.com\\\/index.php\\\/urun\\\/mkc101-kayin-modelli-cita-30x12-mm-mc04\\\/#breadcrumb\",\"itemListElement\":[{\"@type\":\"ListItem\",\"position\":1,\"name\":\"Ana sayfa\",\"item\":\"https:\\\/\\\/altinisahsapgalerisi.com\\\/\"},{\"@type\":\"ListItem\",\"position\":2,\"name\":\"Ma\u011faza\",\"item\":\"https:\\\/\\\/altinisahsapgalerisi.com\\\/index.php\\\/magaza\\\/\"},{\"@type\":\"ListItem\",\"position\":3,\"name\":\"MKC101 KAYIN MODELL\u0130 \u00c7ITA 30X12 MM-MC04\"}]},{\"@type\":\"WebSite\",\"@id\":\"https:\\\/\\\/altinisahsapgalerisi.com\\\/#website\",\"url\":\"https:\\\/\\\/altinisahsapgalerisi.com\\\/\",\"name\":\"Alt\u0131n \u0130\u015f Ah\u015fap Galerisi\",\"description\":\"\",\"potentialAction\":[{\"@type\":\"SearchAction\",\"target\":{\"@type\":\"EntryPoint\",\"urlTemplate\":\"https:\\\/\\\/altinisahsapgalerisi.com\\\/?s={search_term_string}\"},\"query-input\":{\"@type\":\"PropertyValueSpecification\",\"valueRequired\":true,\"valueName\":\"search_term_string\"}}],\"inLanguage\":\"tr\"}]}<\/script>\n<!-- \/ Yoast SEO plugin. -->","yoast_head_json":{"title":"MKC101 KAYIN MODELL\u0130 \u00c7ITA 30X12 MM-MC04 - Alt\u0131n \u0130\u015f Ah\u015fap Galerisi","description":"MKC101 KAYIN MODELL\u0130 \u00c7ITA 30X12 MM-MC04 ALTIN \u0130\u015e AH\u015eAP GALER\u0130S\u0130 MOT\u0130FL\u0130 KAYIN \u00c7ITA","robots":{"index":"index","follow":"follow","max-snippet":"max-snippet:-1","max-image-preview":"max-image-preview:large","max-video-preview":"max-video-preview:-1"},"canonical":"https:\/\/altinisahsapgalerisi.com\/index.php\/urun\/mkc101-kayin-modelli-cita-30x12-mm-mc04\/","og_locale":"tr_TR","og_type":"article","og_title":"MKC101 KAYIN MODELL\u0130 \u00c7ITA 30X12 MM-MC04 - Alt\u0131n \u0130\u015f Ah\u015fap Galerisi","og_description":"MKC101 KAYIN MODELL\u0130 \u00c7ITA 30X12 MM-MC04 ALTIN \u0130\u015e AH\u015eAP GALER\u0130S\u0130 MOT\u0130FL\u0130 KAYIN \u00c7ITA","og_url":"https:\/\/altinisahsapgalerisi.com\/index.php\/urun\/mkc101-kayin-modelli-cita-30x12-mm-mc04\/","og_site_name":"Alt\u0131n \u0130\u015f Ah\u015fap Galerisi","article_modified_time":"2026-01-16T14:55:05+00:00","og_image":[{"width":1280,"height":1113,"url":"https:\/\/altinisahsapgalerisi.com\/wp-content\/uploads\/2021\/10\/MKC101.jpeg","type":"image\/jpeg"}],"twitter_card":"summary_large_image","twitter_misc":{"Tahmini okuma s\u00fcresi":"1 dakika"},"schema":{"@context":"https:\/\/schema.org","@graph":[{"@type":"WebPage","@id":"https:\/\/altinisahsapgalerisi.com\/index.php\/urun\/mkc101-kayin-modelli-cita-30x12-mm-mc04\/","url":"https:\/\/altinisahsapgalerisi.com\/index.php\/urun\/mkc101-kayin-modelli-cita-30x12-mm-mc04\/","name":"MKC101 KAYIN MODELL\u0130 \u00c7ITA 30X12 MM-MC04 - Alt\u0131n \u0130\u015f Ah\u015fap Galerisi","isPartOf":{"@id":"https:\/\/altinisahsapgalerisi.com\/#website"},"primaryImageOfPage":{"@id":"https:\/\/altinisahsapgalerisi.com\/index.php\/urun\/mkc101-kayin-modelli-cita-30x12-mm-mc04\/#primaryimage"},"image":{"@id":"https:\/\/altinisahsapgalerisi.com\/index.php\/urun\/mkc101-kayin-modelli-cita-30x12-mm-mc04\/#primaryimage"},"thumbnailUrl":"https:\/\/altinisahsapgalerisi.com\/wp-content\/uploads\/2021\/10\/MKC101.jpeg","datePublished":"2021-10-19T22:16:35+00:00","dateModified":"2026-01-16T14:55:05+00:00","description":"MKC101 KAYIN MODELL\u0130 \u00c7ITA 30X12 MM-MC04 ALTIN \u0130\u015e AH\u015eAP GALER\u0130S\u0130 MOT\u0130FL\u0130 KAYIN \u00c7ITA","breadcrumb":{"@id":"https:\/\/altinisahsapgalerisi.com\/index.php\/urun\/mkc101-kayin-modelli-cita-30x12-mm-mc04\/#breadcrumb"},"inLanguage":"tr","potentialAction":[{"@type":"ReadAction","target":["https:\/\/altinisahsapgalerisi.com\/index.php\/urun\/mkc101-kayin-modelli-cita-30x12-mm-mc04\/"]}]},{"@type":"ImageObject","inLanguage":"tr","@id":"https:\/\/altinisahsapgalerisi.com\/index.php\/urun\/mkc101-kayin-modelli-cita-30x12-mm-mc04\/#primaryimage","url":"https:\/\/altinisahsapgalerisi.com\/wp-content\/uploads\/2021\/10\/MKC101.jpeg","contentUrl":"https:\/\/altinisahsapgalerisi.com\/wp-content\/uploads\/2021\/10\/MKC101.jpeg","width":1280,"height":1113},{"@type":"BreadcrumbList","@id":"https:\/\/altinisahsapgalerisi.com\/index.php\/urun\/mkc101-kayin-modelli-cita-30x12-mm-mc04\/#breadcrumb","itemListElement":[{"@type":"ListItem","position":1,"name":"Ana sayfa","item":"https:\/\/altinisahsapgalerisi.com\/"},{"@type":"ListItem","position":2,"name":"Ma\u011faza","item":"https:\/\/altinisahsapgalerisi.com\/index.php\/magaza\/"},{"@type":"ListItem","position":3,"name":"MKC101 KAYIN MODELL\u0130 \u00c7ITA 30X12 MM-MC04"}]},{"@type":"WebSite","@id":"https:\/\/altinisahsapgalerisi.com\/#website","url":"https:\/\/altinisahsapgalerisi.com\/","name":"Alt\u0131n \u0130\u015f Ah\u015fap Galerisi","description":"","potentialAction":[{"@type":"SearchAction","target":{"@type":"EntryPoint","urlTemplate":"https:\/\/altinisahsapgalerisi.com\/?s={search_term_string}"},"query-input":{"@type":"PropertyValueSpecification","valueRequired":true,"valueName":"search_term_string"}}],"inLanguage":"tr"}]}},"jetpack_sharing_enabled":true,"_links":{"self":[{"href":"https:\/\/altinisahsapgalerisi.com\/index.php\/wp-json\/wp\/v2\/product\/2594","targetHints":{"allow":["GET"]}}],"collection":[{"href":"https:\/\/altinisahsapgalerisi.com\/index.php\/wp-json\/wp\/v2\/product"}],"about":[{"href":"https:\/\/altinisahsapgalerisi.com\/index.php\/wp-json\/wp\/v2\/types\/product"}],"replies":[{"embeddable":true,"href":"https:\/\/altinisahsapgalerisi.com\/index.php\/wp-json\/wp\/v2\/comments?post=2594"}],"wp:featuredmedia":[{"embeddable":true,"href":"https:\/\/altinisahsapgalerisi.com\/index.php\/wp-json\/wp\/v2\/media\/2595"}],"wp:attachment":[{"href":"https:\/\/altinisahsapgalerisi.com\/index.php\/wp-json\/wp\/v2\/media?parent=2594"}],"wp:term":[{"taxonomy":"product_brand","embeddable":true,"href":"https:\/\/altinisahsapgalerisi.com\/index.php\/wp-json\/wp\/v2\/product_brand?post=2594"},{"taxonomy":"product_cat","embeddable":true,"href":"https:\/\/altinisahsapgalerisi.com\/index.php\/wp-json\/wp\/v2\/product_cat?post=2594"},{"taxonomy":"product_tag","embeddable":true,"href":"https:\/\/altinisahsapgalerisi.com\/index.php\/wp-json\/wp\/v2\/product_tag?post=2594"}],"curies":[{"name":"wp","href":"https:\/\/api.w.org\/{rel}","templated":true}]}}