{"id":2972,"date":"2021-11-08T18:50:47","date_gmt":"2021-11-08T15:50:47","guid":{"rendered":"https:\/\/altinisahsapgalerisi.com\/?post_type=product&#038;p=2972"},"modified":"2026-02-24T13:38:50","modified_gmt":"2026-02-24T10:38:50","slug":"as04-70x210-cm-cam-seperator","status":"publish","type":"product","link":"https:\/\/altinisahsapgalerisi.com\/index.php\/urun\/as04-70x210-cm-cam-seperator\/","title":{"rendered":"AS04 70X200X1,8 CM \u00c7AM SEPERAT\u00d6R"},"content":{"rendered":"","protected":false},"excerpt":{"rendered":"","protected":false},"featured_media":2973,"comment_status":"open","ping_status":"closed","template":"","meta":{"_bbp_topic_count":0,"_bbp_reply_count":0,"_bbp_total_topic_count":0,"_bbp_total_reply_count":0,"_bbp_voice_count":0,"_bbp_anonymous_reply_count":0,"_bbp_topic_count_hidden":0,"_bbp_reply_count_hidden":0,"_bbp_forum_subforum_count":0},"product_brand":[],"product_cat":[227,207,162],"product_tag":[],"class_list":{"0":"post-2972","1":"product","2":"type-product","3":"status-publish","4":"has-post-thumbnail","6":"product_cat-ahsap-seperator","7":"product_cat-seperator-ve-hasir-cesitleri","8":"product_cat-urunler","10":"first","11":"instock","12":"shipping-taxable","13":"purchasable","14":"product-type-simple"},"yoast_head":"<!-- This site is optimized with the Yoast SEO plugin v27.3 - https:\/\/yoast.com\/product\/yoast-seo-wordpress\/ -->\n<title>AS04 70X200X1,8 CM \u00c7AM SEPERAT\u00d6R - Alt\u0131n \u0130\u015f Ah\u015fap Galerisi<\/title>\n<meta name=\"description\" content=\"AS04 70X210 CM \u00c7AM SEPERAT\u00d6R ALTIN \u0130\u015e AH\u015eAP GALER\u0130S\u0130 AH\u015eAP \u00c7AM SEPERAT\u00d6R 70X210 CM\" \/>\n<meta name=\"robots\" content=\"index, follow, max-snippet:-1, max-image-preview:large, max-video-preview:-1\" \/>\n<link rel=\"canonical\" href=\"https:\/\/altinisahsapgalerisi.com\/index.php\/urun\/as04-70x210-cm-cam-seperator\/\" \/>\n<meta property=\"og:locale\" content=\"tr_TR\" \/>\n<meta property=\"og:type\" content=\"article\" \/>\n<meta property=\"og:title\" content=\"AS04 70X200X1,8 CM \u00c7AM SEPERAT\u00d6R - Alt\u0131n \u0130\u015f Ah\u015fap Galerisi\" \/>\n<meta property=\"og:description\" content=\"AS04 70X210 CM \u00c7AM SEPERAT\u00d6R ALTIN \u0130\u015e AH\u015eAP GALER\u0130S\u0130 AH\u015eAP \u00c7AM SEPERAT\u00d6R 70X210 CM\" \/>\n<meta property=\"og:url\" content=\"https:\/\/altinisahsapgalerisi.com\/index.php\/urun\/as04-70x210-cm-cam-seperator\/\" \/>\n<meta property=\"og:site_name\" content=\"Alt\u0131n \u0130\u015f Ah\u015fap Galerisi\" \/>\n<meta property=\"article:modified_time\" content=\"2026-02-24T10:38:50+00:00\" \/>\n<meta property=\"og:image\" content=\"https:\/\/altinisahsapgalerisi.com\/wp-content\/uploads\/2021\/11\/as04-ahsap-seperator-70x200-cm-sp07-1002-jpg.jpg\" \/>\n\t<meta property=\"og:image:width\" content=\"1280\" \/>\n\t<meta property=\"og:image:height\" content=\"1280\" \/>\n\t<meta property=\"og:image:type\" content=\"image\/jpeg\" \/>\n<meta name=\"twitter:card\" content=\"summary_large_image\" \/>\n<meta name=\"twitter:label1\" content=\"Tahmini okuma s\u00fcresi\" \/>\n\t<meta name=\"twitter:data1\" content=\"1 dakika\" \/>\n<script type=\"application\/ld+json\" class=\"yoast-schema-graph\">{\"@context\":\"https:\\\/\\\/schema.org\",\"@graph\":[{\"@type\":\"WebPage\",\"@id\":\"https:\\\/\\\/altinisahsapgalerisi.com\\\/index.php\\\/urun\\\/as04-70x210-cm-cam-seperator\\\/\",\"url\":\"https:\\\/\\\/altinisahsapgalerisi.com\\\/index.php\\\/urun\\\/as04-70x210-cm-cam-seperator\\\/\",\"name\":\"AS04 70X200X1,8 CM \u00c7AM SEPERAT\u00d6R - Alt\u0131n \u0130\u015f Ah\u015fap Galerisi\",\"isPartOf\":{\"@id\":\"https:\\\/\\\/altinisahsapgalerisi.com\\\/#website\"},\"primaryImageOfPage\":{\"@id\":\"https:\\\/\\\/altinisahsapgalerisi.com\\\/index.php\\\/urun\\\/as04-70x210-cm-cam-seperator\\\/#primaryimage\"},\"image\":{\"@id\":\"https:\\\/\\\/altinisahsapgalerisi.com\\\/index.php\\\/urun\\\/as04-70x210-cm-cam-seperator\\\/#primaryimage\"},\"thumbnailUrl\":\"https:\\\/\\\/altinisahsapgalerisi.com\\\/wp-content\\\/uploads\\\/2021\\\/11\\\/as04-ahsap-seperator-70x200-cm-sp07-1002-jpg.jpg\",\"datePublished\":\"2021-11-08T15:50:47+00:00\",\"dateModified\":\"2026-02-24T10:38:50+00:00\",\"description\":\"AS04 70X210 CM \u00c7AM SEPERAT\u00d6R ALTIN \u0130\u015e AH\u015eAP GALER\u0130S\u0130 AH\u015eAP \u00c7AM SEPERAT\u00d6R 70X210 CM\",\"breadcrumb\":{\"@id\":\"https:\\\/\\\/altinisahsapgalerisi.com\\\/index.php\\\/urun\\\/as04-70x210-cm-cam-seperator\\\/#breadcrumb\"},\"inLanguage\":\"tr\",\"potentialAction\":[{\"@type\":\"ReadAction\",\"target\":[\"https:\\\/\\\/altinisahsapgalerisi.com\\\/index.php\\\/urun\\\/as04-70x210-cm-cam-seperator\\\/\"]}]},{\"@type\":\"ImageObject\",\"inLanguage\":\"tr\",\"@id\":\"https:\\\/\\\/altinisahsapgalerisi.com\\\/index.php\\\/urun\\\/as04-70x210-cm-cam-seperator\\\/#primaryimage\",\"url\":\"https:\\\/\\\/altinisahsapgalerisi.com\\\/wp-content\\\/uploads\\\/2021\\\/11\\\/as04-ahsap-seperator-70x200-cm-sp07-1002-jpg.jpg\",\"contentUrl\":\"https:\\\/\\\/altinisahsapgalerisi.com\\\/wp-content\\\/uploads\\\/2021\\\/11\\\/as04-ahsap-seperator-70x200-cm-sp07-1002-jpg.jpg\",\"width\":1280,\"height\":1280},{\"@type\":\"BreadcrumbList\",\"@id\":\"https:\\\/\\\/altinisahsapgalerisi.com\\\/index.php\\\/urun\\\/as04-70x210-cm-cam-seperator\\\/#breadcrumb\",\"itemListElement\":[{\"@type\":\"ListItem\",\"position\":1,\"name\":\"Ana sayfa\",\"item\":\"https:\\\/\\\/altinisahsapgalerisi.com\\\/\"},{\"@type\":\"ListItem\",\"position\":2,\"name\":\"Ma\u011faza\",\"item\":\"https:\\\/\\\/altinisahsapgalerisi.com\\\/index.php\\\/magaza\\\/\"},{\"@type\":\"ListItem\",\"position\":3,\"name\":\"AS04 70X200X1,8 CM \u00c7AM SEPERAT\u00d6R\"}]},{\"@type\":\"WebSite\",\"@id\":\"https:\\\/\\\/altinisahsapgalerisi.com\\\/#website\",\"url\":\"https:\\\/\\\/altinisahsapgalerisi.com\\\/\",\"name\":\"Alt\u0131n \u0130\u015f Ah\u015fap Galerisi\",\"description\":\"\",\"potentialAction\":[{\"@type\":\"SearchAction\",\"target\":{\"@type\":\"EntryPoint\",\"urlTemplate\":\"https:\\\/\\\/altinisahsapgalerisi.com\\\/?s={search_term_string}\"},\"query-input\":{\"@type\":\"PropertyValueSpecification\",\"valueRequired\":true,\"valueName\":\"search_term_string\"}}],\"inLanguage\":\"tr\"}]}<\/script>\n<!-- \/ Yoast SEO plugin. -->","yoast_head_json":{"title":"AS04 70X200X1,8 CM \u00c7AM SEPERAT\u00d6R - Alt\u0131n \u0130\u015f Ah\u015fap Galerisi","description":"AS04 70X210 CM \u00c7AM SEPERAT\u00d6R ALTIN \u0130\u015e AH\u015eAP GALER\u0130S\u0130 AH\u015eAP \u00c7AM SEPERAT\u00d6R 70X210 CM","robots":{"index":"index","follow":"follow","max-snippet":"max-snippet:-1","max-image-preview":"max-image-preview:large","max-video-preview":"max-video-preview:-1"},"canonical":"https:\/\/altinisahsapgalerisi.com\/index.php\/urun\/as04-70x210-cm-cam-seperator\/","og_locale":"tr_TR","og_type":"article","og_title":"AS04 70X200X1,8 CM \u00c7AM SEPERAT\u00d6R - Alt\u0131n \u0130\u015f Ah\u015fap Galerisi","og_description":"AS04 70X210 CM \u00c7AM SEPERAT\u00d6R ALTIN \u0130\u015e AH\u015eAP GALER\u0130S\u0130 AH\u015eAP \u00c7AM SEPERAT\u00d6R 70X210 CM","og_url":"https:\/\/altinisahsapgalerisi.com\/index.php\/urun\/as04-70x210-cm-cam-seperator\/","og_site_name":"Alt\u0131n \u0130\u015f Ah\u015fap Galerisi","article_modified_time":"2026-02-24T10:38:50+00:00","og_image":[{"width":1280,"height":1280,"url":"https:\/\/altinisahsapgalerisi.com\/wp-content\/uploads\/2021\/11\/as04-ahsap-seperator-70x200-cm-sp07-1002-jpg.jpg","type":"image\/jpeg"}],"twitter_card":"summary_large_image","twitter_misc":{"Tahmini okuma s\u00fcresi":"1 dakika"},"schema":{"@context":"https:\/\/schema.org","@graph":[{"@type":"WebPage","@id":"https:\/\/altinisahsapgalerisi.com\/index.php\/urun\/as04-70x210-cm-cam-seperator\/","url":"https:\/\/altinisahsapgalerisi.com\/index.php\/urun\/as04-70x210-cm-cam-seperator\/","name":"AS04 70X200X1,8 CM \u00c7AM SEPERAT\u00d6R - Alt\u0131n \u0130\u015f Ah\u015fap Galerisi","isPartOf":{"@id":"https:\/\/altinisahsapgalerisi.com\/#website"},"primaryImageOfPage":{"@id":"https:\/\/altinisahsapgalerisi.com\/index.php\/urun\/as04-70x210-cm-cam-seperator\/#primaryimage"},"image":{"@id":"https:\/\/altinisahsapgalerisi.com\/index.php\/urun\/as04-70x210-cm-cam-seperator\/#primaryimage"},"thumbnailUrl":"https:\/\/altinisahsapgalerisi.com\/wp-content\/uploads\/2021\/11\/as04-ahsap-seperator-70x200-cm-sp07-1002-jpg.jpg","datePublished":"2021-11-08T15:50:47+00:00","dateModified":"2026-02-24T10:38:50+00:00","description":"AS04 70X210 CM \u00c7AM SEPERAT\u00d6R ALTIN \u0130\u015e AH\u015eAP GALER\u0130S\u0130 AH\u015eAP \u00c7AM SEPERAT\u00d6R 70X210 CM","breadcrumb":{"@id":"https:\/\/altinisahsapgalerisi.com\/index.php\/urun\/as04-70x210-cm-cam-seperator\/#breadcrumb"},"inLanguage":"tr","potentialAction":[{"@type":"ReadAction","target":["https:\/\/altinisahsapgalerisi.com\/index.php\/urun\/as04-70x210-cm-cam-seperator\/"]}]},{"@type":"ImageObject","inLanguage":"tr","@id":"https:\/\/altinisahsapgalerisi.com\/index.php\/urun\/as04-70x210-cm-cam-seperator\/#primaryimage","url":"https:\/\/altinisahsapgalerisi.com\/wp-content\/uploads\/2021\/11\/as04-ahsap-seperator-70x200-cm-sp07-1002-jpg.jpg","contentUrl":"https:\/\/altinisahsapgalerisi.com\/wp-content\/uploads\/2021\/11\/as04-ahsap-seperator-70x200-cm-sp07-1002-jpg.jpg","width":1280,"height":1280},{"@type":"BreadcrumbList","@id":"https:\/\/altinisahsapgalerisi.com\/index.php\/urun\/as04-70x210-cm-cam-seperator\/#breadcrumb","itemListElement":[{"@type":"ListItem","position":1,"name":"Ana sayfa","item":"https:\/\/altinisahsapgalerisi.com\/"},{"@type":"ListItem","position":2,"name":"Ma\u011faza","item":"https:\/\/altinisahsapgalerisi.com\/index.php\/magaza\/"},{"@type":"ListItem","position":3,"name":"AS04 70X200X1,8 CM \u00c7AM SEPERAT\u00d6R"}]},{"@type":"WebSite","@id":"https:\/\/altinisahsapgalerisi.com\/#website","url":"https:\/\/altinisahsapgalerisi.com\/","name":"Alt\u0131n \u0130\u015f Ah\u015fap Galerisi","description":"","potentialAction":[{"@type":"SearchAction","target":{"@type":"EntryPoint","urlTemplate":"https:\/\/altinisahsapgalerisi.com\/?s={search_term_string}"},"query-input":{"@type":"PropertyValueSpecification","valueRequired":true,"valueName":"search_term_string"}}],"inLanguage":"tr"}]}},"jetpack_sharing_enabled":true,"_links":{"self":[{"href":"https:\/\/altinisahsapgalerisi.com\/index.php\/wp-json\/wp\/v2\/product\/2972","targetHints":{"allow":["GET"]}}],"collection":[{"href":"https:\/\/altinisahsapgalerisi.com\/index.php\/wp-json\/wp\/v2\/product"}],"about":[{"href":"https:\/\/altinisahsapgalerisi.com\/index.php\/wp-json\/wp\/v2\/types\/product"}],"replies":[{"embeddable":true,"href":"https:\/\/altinisahsapgalerisi.com\/index.php\/wp-json\/wp\/v2\/comments?post=2972"}],"wp:featuredmedia":[{"embeddable":true,"href":"https:\/\/altinisahsapgalerisi.com\/index.php\/wp-json\/wp\/v2\/media\/2973"}],"wp:attachment":[{"href":"https:\/\/altinisahsapgalerisi.com\/index.php\/wp-json\/wp\/v2\/media?parent=2972"}],"wp:term":[{"taxonomy":"product_brand","embeddable":true,"href":"https:\/\/altinisahsapgalerisi.com\/index.php\/wp-json\/wp\/v2\/product_brand?post=2972"},{"taxonomy":"product_cat","embeddable":true,"href":"https:\/\/altinisahsapgalerisi.com\/index.php\/wp-json\/wp\/v2\/product_cat?post=2972"},{"taxonomy":"product_tag","embeddable":true,"href":"https:\/\/altinisahsapgalerisi.com\/index.php\/wp-json\/wp\/v2\/product_tag?post=2972"}],"curies":[{"name":"wp","href":"https:\/\/api.w.org\/{rel}","templated":true}]}}