{"id":3572,"date":"2021-12-01T16:10:36","date_gmt":"2021-12-01T13:10:36","guid":{"rendered":"https:\/\/altinisahsapgalerisi.com\/?post_type=product&#038;p=3572"},"modified":"2023-02-16T12:23:00","modified_gmt":"2023-02-16T09:23:00","slug":"apt13-25x12-cm-ahsap-torna-piyon","status":"publish","type":"product","link":"https:\/\/altinisahsapgalerisi.com\/index.php\/urun\/apt13-25x12-cm-ahsap-torna-piyon\/","title":{"rendered":"APT13 2,5X12 CM AH\u015eAP TORNA P\u0130YON"},"content":{"rendered":"","protected":false},"excerpt":{"rendered":"<h5 style=\"font-weight: 400;\">\u00dcr\u00fcn\u00fcm\u00fcz 2,5 cm eninde 12 cm y\u00fcksekli\u011findedir.<\/h5>\n<h5 style=\"font-weight: 400;\">Ah\u015fap objelerde dekoratif aksesuar olarak ilave edilebilir.<\/h5>\n<h5 style=\"font-weight: 400;\">\u00dcr\u00fcn\u00fcm\u00fcz boyas\u0131z ham g\u00f6nderilir,\u00a0istenilen\u00a0boya ve renk ile boyanabilir.<\/h5>\n<h5 style=\"font-weight: 400;\">\u00dcr\u00fcnlerimizin imalat\u0131nda ekstra kalite ve f\u0131r\u0131nlanm\u0131\u015f a\u011fa\u00e7 kullan\u0131lm\u0131\u015ft\u0131r.<\/h5>\n","protected":false},"featured_media":3573,"comment_status":"open","ping_status":"closed","template":"","meta":{"_bbp_topic_count":0,"_bbp_reply_count":0,"_bbp_total_topic_count":0,"_bbp_total_reply_count":0,"_bbp_voice_count":0,"_bbp_anonymous_reply_count":0,"_bbp_topic_count_hidden":0,"_bbp_reply_count_hidden":0,"_bbp_forum_subforum_count":0},"product_brand":[],"product_cat":[193,185,162],"product_tag":[],"class_list":{"0":"post-3572","1":"product","2":"type-product","3":"status-publish","4":"has-post-thumbnail","6":"product_cat-ahsap-piyon-torna","7":"product_cat-mobilya-aksesuarlari","8":"product_cat-urunler","10":"first","11":"instock","12":"shipping-taxable","13":"purchasable","14":"product-type-simple"},"yoast_head":"<!-- This site is optimized with the Yoast SEO plugin v27.3 - https:\/\/yoast.com\/product\/yoast-seo-wordpress\/ -->\n<title>APT13 2,5X12 CM AH\u015eAP TORNA P\u0130YON - Alt\u0131n \u0130\u015f Ah\u015fap Galerisi<\/title>\n<meta name=\"description\" content=\"APT08 2,5X12 CM AH\u015eAP TORNA P\u0130YON ALTIN \u0130\u015e AH\u015eAP GALER\u0130S\u0130 AH\u015eAP P\u0130YON TORNA\" \/>\n<meta name=\"robots\" content=\"index, follow, max-snippet:-1, max-image-preview:large, max-video-preview:-1\" \/>\n<link rel=\"canonical\" href=\"https:\/\/altinisahsapgalerisi.com\/index.php\/urun\/apt13-25x12-cm-ahsap-torna-piyon\/\" \/>\n<meta property=\"og:locale\" content=\"tr_TR\" \/>\n<meta property=\"og:type\" content=\"article\" \/>\n<meta property=\"og:title\" content=\"APT13 2,5X12 CM AH\u015eAP TORNA P\u0130YON - Alt\u0131n \u0130\u015f Ah\u015fap Galerisi\" \/>\n<meta property=\"og:description\" content=\"APT08 2,5X12 CM AH\u015eAP TORNA P\u0130YON ALTIN \u0130\u015e AH\u015eAP GALER\u0130S\u0130 AH\u015eAP P\u0130YON TORNA\" \/>\n<meta property=\"og:url\" content=\"https:\/\/altinisahsapgalerisi.com\/index.php\/urun\/apt13-25x12-cm-ahsap-torna-piyon\/\" \/>\n<meta property=\"og:site_name\" content=\"Alt\u0131n \u0130\u015f Ah\u015fap Galerisi\" \/>\n<meta property=\"article:modified_time\" content=\"2023-02-16T09:23:00+00:00\" \/>\n<meta property=\"og:image\" content=\"https:\/\/altinisahsapgalerisi.com\/wp-content\/uploads\/2021\/12\/SD.jpg\" \/>\n\t<meta property=\"og:image:width\" content=\"1200\" \/>\n\t<meta property=\"og:image:height\" content=\"1060\" \/>\n\t<meta property=\"og:image:type\" content=\"image\/jpeg\" \/>\n<meta name=\"twitter:card\" content=\"summary_large_image\" \/>\n<script type=\"application\/ld+json\" class=\"yoast-schema-graph\">{\"@context\":\"https:\\\/\\\/schema.org\",\"@graph\":[{\"@type\":\"WebPage\",\"@id\":\"https:\\\/\\\/altinisahsapgalerisi.com\\\/index.php\\\/urun\\\/apt13-25x12-cm-ahsap-torna-piyon\\\/\",\"url\":\"https:\\\/\\\/altinisahsapgalerisi.com\\\/index.php\\\/urun\\\/apt13-25x12-cm-ahsap-torna-piyon\\\/\",\"name\":\"APT13 2,5X12 CM AH\u015eAP TORNA P\u0130YON - Alt\u0131n \u0130\u015f Ah\u015fap Galerisi\",\"isPartOf\":{\"@id\":\"https:\\\/\\\/altinisahsapgalerisi.com\\\/#website\"},\"primaryImageOfPage\":{\"@id\":\"https:\\\/\\\/altinisahsapgalerisi.com\\\/index.php\\\/urun\\\/apt13-25x12-cm-ahsap-torna-piyon\\\/#primaryimage\"},\"image\":{\"@id\":\"https:\\\/\\\/altinisahsapgalerisi.com\\\/index.php\\\/urun\\\/apt13-25x12-cm-ahsap-torna-piyon\\\/#primaryimage\"},\"thumbnailUrl\":\"https:\\\/\\\/altinisahsapgalerisi.com\\\/wp-content\\\/uploads\\\/2021\\\/12\\\/SD.jpg\",\"datePublished\":\"2021-12-01T13:10:36+00:00\",\"dateModified\":\"2023-02-16T09:23:00+00:00\",\"description\":\"APT08 2,5X12 CM AH\u015eAP TORNA P\u0130YON ALTIN \u0130\u015e AH\u015eAP GALER\u0130S\u0130 AH\u015eAP P\u0130YON TORNA\",\"breadcrumb\":{\"@id\":\"https:\\\/\\\/altinisahsapgalerisi.com\\\/index.php\\\/urun\\\/apt13-25x12-cm-ahsap-torna-piyon\\\/#breadcrumb\"},\"inLanguage\":\"tr\",\"potentialAction\":[{\"@type\":\"ReadAction\",\"target\":[\"https:\\\/\\\/altinisahsapgalerisi.com\\\/index.php\\\/urun\\\/apt13-25x12-cm-ahsap-torna-piyon\\\/\"]}]},{\"@type\":\"ImageObject\",\"inLanguage\":\"tr\",\"@id\":\"https:\\\/\\\/altinisahsapgalerisi.com\\\/index.php\\\/urun\\\/apt13-25x12-cm-ahsap-torna-piyon\\\/#primaryimage\",\"url\":\"https:\\\/\\\/altinisahsapgalerisi.com\\\/wp-content\\\/uploads\\\/2021\\\/12\\\/SD.jpg\",\"contentUrl\":\"https:\\\/\\\/altinisahsapgalerisi.com\\\/wp-content\\\/uploads\\\/2021\\\/12\\\/SD.jpg\",\"width\":1200,\"height\":1060},{\"@type\":\"BreadcrumbList\",\"@id\":\"https:\\\/\\\/altinisahsapgalerisi.com\\\/index.php\\\/urun\\\/apt13-25x12-cm-ahsap-torna-piyon\\\/#breadcrumb\",\"itemListElement\":[{\"@type\":\"ListItem\",\"position\":1,\"name\":\"Ana sayfa\",\"item\":\"https:\\\/\\\/altinisahsapgalerisi.com\\\/\"},{\"@type\":\"ListItem\",\"position\":2,\"name\":\"Ma\u011faza\",\"item\":\"https:\\\/\\\/altinisahsapgalerisi.com\\\/index.php\\\/magaza\\\/\"},{\"@type\":\"ListItem\",\"position\":3,\"name\":\"APT13 2,5X12 CM AH\u015eAP TORNA P\u0130YON\"}]},{\"@type\":\"WebSite\",\"@id\":\"https:\\\/\\\/altinisahsapgalerisi.com\\\/#website\",\"url\":\"https:\\\/\\\/altinisahsapgalerisi.com\\\/\",\"name\":\"Alt\u0131n \u0130\u015f Ah\u015fap Galerisi\",\"description\":\"\",\"potentialAction\":[{\"@type\":\"SearchAction\",\"target\":{\"@type\":\"EntryPoint\",\"urlTemplate\":\"https:\\\/\\\/altinisahsapgalerisi.com\\\/?s={search_term_string}\"},\"query-input\":{\"@type\":\"PropertyValueSpecification\",\"valueRequired\":true,\"valueName\":\"search_term_string\"}}],\"inLanguage\":\"tr\"}]}<\/script>\n<!-- \/ Yoast SEO plugin. -->","yoast_head_json":{"title":"APT13 2,5X12 CM AH\u015eAP TORNA P\u0130YON - Alt\u0131n \u0130\u015f Ah\u015fap Galerisi","description":"APT08 2,5X12 CM AH\u015eAP TORNA P\u0130YON ALTIN \u0130\u015e AH\u015eAP GALER\u0130S\u0130 AH\u015eAP P\u0130YON TORNA","robots":{"index":"index","follow":"follow","max-snippet":"max-snippet:-1","max-image-preview":"max-image-preview:large","max-video-preview":"max-video-preview:-1"},"canonical":"https:\/\/altinisahsapgalerisi.com\/index.php\/urun\/apt13-25x12-cm-ahsap-torna-piyon\/","og_locale":"tr_TR","og_type":"article","og_title":"APT13 2,5X12 CM AH\u015eAP TORNA P\u0130YON - Alt\u0131n \u0130\u015f Ah\u015fap Galerisi","og_description":"APT08 2,5X12 CM AH\u015eAP TORNA P\u0130YON ALTIN \u0130\u015e AH\u015eAP GALER\u0130S\u0130 AH\u015eAP P\u0130YON TORNA","og_url":"https:\/\/altinisahsapgalerisi.com\/index.php\/urun\/apt13-25x12-cm-ahsap-torna-piyon\/","og_site_name":"Alt\u0131n \u0130\u015f Ah\u015fap Galerisi","article_modified_time":"2023-02-16T09:23:00+00:00","og_image":[{"width":1200,"height":1060,"url":"https:\/\/altinisahsapgalerisi.com\/wp-content\/uploads\/2021\/12\/SD.jpg","type":"image\/jpeg"}],"twitter_card":"summary_large_image","schema":{"@context":"https:\/\/schema.org","@graph":[{"@type":"WebPage","@id":"https:\/\/altinisahsapgalerisi.com\/index.php\/urun\/apt13-25x12-cm-ahsap-torna-piyon\/","url":"https:\/\/altinisahsapgalerisi.com\/index.php\/urun\/apt13-25x12-cm-ahsap-torna-piyon\/","name":"APT13 2,5X12 CM AH\u015eAP TORNA P\u0130YON - Alt\u0131n \u0130\u015f Ah\u015fap Galerisi","isPartOf":{"@id":"https:\/\/altinisahsapgalerisi.com\/#website"},"primaryImageOfPage":{"@id":"https:\/\/altinisahsapgalerisi.com\/index.php\/urun\/apt13-25x12-cm-ahsap-torna-piyon\/#primaryimage"},"image":{"@id":"https:\/\/altinisahsapgalerisi.com\/index.php\/urun\/apt13-25x12-cm-ahsap-torna-piyon\/#primaryimage"},"thumbnailUrl":"https:\/\/altinisahsapgalerisi.com\/wp-content\/uploads\/2021\/12\/SD.jpg","datePublished":"2021-12-01T13:10:36+00:00","dateModified":"2023-02-16T09:23:00+00:00","description":"APT08 2,5X12 CM AH\u015eAP TORNA P\u0130YON ALTIN \u0130\u015e AH\u015eAP GALER\u0130S\u0130 AH\u015eAP P\u0130YON TORNA","breadcrumb":{"@id":"https:\/\/altinisahsapgalerisi.com\/index.php\/urun\/apt13-25x12-cm-ahsap-torna-piyon\/#breadcrumb"},"inLanguage":"tr","potentialAction":[{"@type":"ReadAction","target":["https:\/\/altinisahsapgalerisi.com\/index.php\/urun\/apt13-25x12-cm-ahsap-torna-piyon\/"]}]},{"@type":"ImageObject","inLanguage":"tr","@id":"https:\/\/altinisahsapgalerisi.com\/index.php\/urun\/apt13-25x12-cm-ahsap-torna-piyon\/#primaryimage","url":"https:\/\/altinisahsapgalerisi.com\/wp-content\/uploads\/2021\/12\/SD.jpg","contentUrl":"https:\/\/altinisahsapgalerisi.com\/wp-content\/uploads\/2021\/12\/SD.jpg","width":1200,"height":1060},{"@type":"BreadcrumbList","@id":"https:\/\/altinisahsapgalerisi.com\/index.php\/urun\/apt13-25x12-cm-ahsap-torna-piyon\/#breadcrumb","itemListElement":[{"@type":"ListItem","position":1,"name":"Ana sayfa","item":"https:\/\/altinisahsapgalerisi.com\/"},{"@type":"ListItem","position":2,"name":"Ma\u011faza","item":"https:\/\/altinisahsapgalerisi.com\/index.php\/magaza\/"},{"@type":"ListItem","position":3,"name":"APT13 2,5X12 CM AH\u015eAP TORNA P\u0130YON"}]},{"@type":"WebSite","@id":"https:\/\/altinisahsapgalerisi.com\/#website","url":"https:\/\/altinisahsapgalerisi.com\/","name":"Alt\u0131n \u0130\u015f Ah\u015fap Galerisi","description":"","potentialAction":[{"@type":"SearchAction","target":{"@type":"EntryPoint","urlTemplate":"https:\/\/altinisahsapgalerisi.com\/?s={search_term_string}"},"query-input":{"@type":"PropertyValueSpecification","valueRequired":true,"valueName":"search_term_string"}}],"inLanguage":"tr"}]}},"jetpack_sharing_enabled":true,"_links":{"self":[{"href":"https:\/\/altinisahsapgalerisi.com\/index.php\/wp-json\/wp\/v2\/product\/3572","targetHints":{"allow":["GET"]}}],"collection":[{"href":"https:\/\/altinisahsapgalerisi.com\/index.php\/wp-json\/wp\/v2\/product"}],"about":[{"href":"https:\/\/altinisahsapgalerisi.com\/index.php\/wp-json\/wp\/v2\/types\/product"}],"replies":[{"embeddable":true,"href":"https:\/\/altinisahsapgalerisi.com\/index.php\/wp-json\/wp\/v2\/comments?post=3572"}],"wp:featuredmedia":[{"embeddable":true,"href":"https:\/\/altinisahsapgalerisi.com\/index.php\/wp-json\/wp\/v2\/media\/3573"}],"wp:attachment":[{"href":"https:\/\/altinisahsapgalerisi.com\/index.php\/wp-json\/wp\/v2\/media?parent=3572"}],"wp:term":[{"taxonomy":"product_brand","embeddable":true,"href":"https:\/\/altinisahsapgalerisi.com\/index.php\/wp-json\/wp\/v2\/product_brand?post=3572"},{"taxonomy":"product_cat","embeddable":true,"href":"https:\/\/altinisahsapgalerisi.com\/index.php\/wp-json\/wp\/v2\/product_cat?post=3572"},{"taxonomy":"product_tag","embeddable":true,"href":"https:\/\/altinisahsapgalerisi.com\/index.php\/wp-json\/wp\/v2\/product_tag?post=3572"}],"curies":[{"name":"wp","href":"https:\/\/api.w.org\/{rel}","templated":true}]}}