{"id":5018,"date":"2022-01-08T00:44:38","date_gmt":"2022-01-07T21:44:38","guid":{"rendered":"https:\/\/altinisahsapgalerisi.com\/?post_type=product&#038;p=5018"},"modified":"2025-12-15T17:08:40","modified_gmt":"2025-12-15T14:08:40","slug":"mh01-dogal-bambu-orme-sari-dekoratif-hasir-hazeran-90-cm","status":"publish","type":"product","link":"https:\/\/altinisahsapgalerisi.com\/index.php\/urun\/mh01-dogal-bambu-orme-sari-dekoratif-hasir-hazeran-90-cm\/","title":{"rendered":"MH01 Do\u011fal Bambu Hazeran 90 cm"},"content":{"rendered":"","protected":false},"excerpt":{"rendered":"","protected":false},"featured_media":5854,"comment_status":"open","ping_status":"closed","template":"","meta":{"_bbp_topic_count":0,"_bbp_reply_count":0,"_bbp_total_topic_count":0,"_bbp_total_reply_count":0,"_bbp_voice_count":0,"_bbp_anonymous_reply_count":0,"_bbp_topic_count_hidden":0,"_bbp_reply_count_hidden":0,"_bbp_forum_subforum_count":0},"product_brand":[],"product_cat":[228,207],"product_tag":[],"class_list":{"0":"post-5018","1":"product","2":"type-product","3":"status-publish","4":"has-post-thumbnail","6":"product_cat-hasir","7":"product_cat-seperator-ve-hasir-cesitleri","9":"first","10":"instock","11":"shipping-taxable","12":"purchasable","13":"product-type-simple"},"yoast_head":"<!-- This site is optimized with the Yoast SEO plugin v27.3 - https:\/\/yoast.com\/product\/yoast-seo-wordpress\/ -->\n<title>MH01 Do\u011fal Bambu Hazeran 90 cm - Alt\u0131n \u0130\u015f Ah\u015fap Galerisi<\/title>\n<meta name=\"description\" content=\"MH01 Do\u011fal Bambu \u00d6rme Koyu Dekoratif Has\u0131r Hazeran 90 cm ALTIN \u0130\u015e AH\u015eAP GALER\u0130S\u0130 HAZERAN HASIR\" \/>\n<meta name=\"robots\" content=\"index, follow, max-snippet:-1, max-image-preview:large, max-video-preview:-1\" \/>\n<link rel=\"canonical\" href=\"https:\/\/altinisahsapgalerisi.com\/index.php\/urun\/mh01-dogal-bambu-orme-sari-dekoratif-hasir-hazeran-90-cm\/\" \/>\n<meta property=\"og:locale\" content=\"tr_TR\" \/>\n<meta property=\"og:type\" content=\"article\" \/>\n<meta property=\"og:title\" content=\"MH01 Do\u011fal Bambu Hazeran 90 cm - Alt\u0131n \u0130\u015f Ah\u015fap Galerisi\" \/>\n<meta property=\"og:description\" content=\"MH01 Do\u011fal Bambu \u00d6rme Koyu Dekoratif Has\u0131r Hazeran 90 cm ALTIN \u0130\u015e AH\u015eAP GALER\u0130S\u0130 HAZERAN HASIR\" \/>\n<meta property=\"og:url\" content=\"https:\/\/altinisahsapgalerisi.com\/index.php\/urun\/mh01-dogal-bambu-orme-sari-dekoratif-hasir-hazeran-90-cm\/\" \/>\n<meta property=\"og:site_name\" content=\"Alt\u0131n \u0130\u015f Ah\u015fap Galerisi\" \/>\n<meta property=\"article:modified_time\" content=\"2025-12-15T14:08:40+00:00\" \/>\n<meta property=\"og:image\" content=\"https:\/\/altinisahsapgalerisi.com\/wp-content\/uploads\/2022\/04\/77.jpg\" \/>\n\t<meta property=\"og:image:width\" content=\"1280\" \/>\n\t<meta property=\"og:image:height\" content=\"852\" \/>\n\t<meta property=\"og:image:type\" content=\"image\/jpeg\" \/>\n<meta name=\"twitter:card\" content=\"summary_large_image\" \/>\n<meta name=\"twitter:label1\" content=\"Tahmini okuma s\u00fcresi\" \/>\n\t<meta name=\"twitter:data1\" content=\"1 dakika\" \/>\n<script type=\"application\/ld+json\" class=\"yoast-schema-graph\">{\"@context\":\"https:\\\/\\\/schema.org\",\"@graph\":[{\"@type\":\"WebPage\",\"@id\":\"https:\\\/\\\/altinisahsapgalerisi.com\\\/index.php\\\/urun\\\/mh01-dogal-bambu-orme-sari-dekoratif-hasir-hazeran-90-cm\\\/\",\"url\":\"https:\\\/\\\/altinisahsapgalerisi.com\\\/index.php\\\/urun\\\/mh01-dogal-bambu-orme-sari-dekoratif-hasir-hazeran-90-cm\\\/\",\"name\":\"MH01 Do\u011fal Bambu Hazeran 90 cm - Alt\u0131n \u0130\u015f Ah\u015fap Galerisi\",\"isPartOf\":{\"@id\":\"https:\\\/\\\/altinisahsapgalerisi.com\\\/#website\"},\"primaryImageOfPage\":{\"@id\":\"https:\\\/\\\/altinisahsapgalerisi.com\\\/index.php\\\/urun\\\/mh01-dogal-bambu-orme-sari-dekoratif-hasir-hazeran-90-cm\\\/#primaryimage\"},\"image\":{\"@id\":\"https:\\\/\\\/altinisahsapgalerisi.com\\\/index.php\\\/urun\\\/mh01-dogal-bambu-orme-sari-dekoratif-hasir-hazeran-90-cm\\\/#primaryimage\"},\"thumbnailUrl\":\"https:\\\/\\\/altinisahsapgalerisi.com\\\/wp-content\\\/uploads\\\/2022\\\/04\\\/77.jpg\",\"datePublished\":\"2022-01-07T21:44:38+00:00\",\"dateModified\":\"2025-12-15T14:08:40+00:00\",\"description\":\"MH01 Do\u011fal Bambu \u00d6rme Koyu Dekoratif Has\u0131r Hazeran 90 cm ALTIN \u0130\u015e AH\u015eAP GALER\u0130S\u0130 HAZERAN HASIR\",\"breadcrumb\":{\"@id\":\"https:\\\/\\\/altinisahsapgalerisi.com\\\/index.php\\\/urun\\\/mh01-dogal-bambu-orme-sari-dekoratif-hasir-hazeran-90-cm\\\/#breadcrumb\"},\"inLanguage\":\"tr\",\"potentialAction\":[{\"@type\":\"ReadAction\",\"target\":[\"https:\\\/\\\/altinisahsapgalerisi.com\\\/index.php\\\/urun\\\/mh01-dogal-bambu-orme-sari-dekoratif-hasir-hazeran-90-cm\\\/\"]}]},{\"@type\":\"ImageObject\",\"inLanguage\":\"tr\",\"@id\":\"https:\\\/\\\/altinisahsapgalerisi.com\\\/index.php\\\/urun\\\/mh01-dogal-bambu-orme-sari-dekoratif-hasir-hazeran-90-cm\\\/#primaryimage\",\"url\":\"https:\\\/\\\/altinisahsapgalerisi.com\\\/wp-content\\\/uploads\\\/2022\\\/04\\\/77.jpg\",\"contentUrl\":\"https:\\\/\\\/altinisahsapgalerisi.com\\\/wp-content\\\/uploads\\\/2022\\\/04\\\/77.jpg\",\"width\":1280,\"height\":852},{\"@type\":\"BreadcrumbList\",\"@id\":\"https:\\\/\\\/altinisahsapgalerisi.com\\\/index.php\\\/urun\\\/mh01-dogal-bambu-orme-sari-dekoratif-hasir-hazeran-90-cm\\\/#breadcrumb\",\"itemListElement\":[{\"@type\":\"ListItem\",\"position\":1,\"name\":\"Ana sayfa\",\"item\":\"https:\\\/\\\/altinisahsapgalerisi.com\\\/\"},{\"@type\":\"ListItem\",\"position\":2,\"name\":\"Ma\u011faza\",\"item\":\"https:\\\/\\\/altinisahsapgalerisi.com\\\/index.php\\\/magaza\\\/\"},{\"@type\":\"ListItem\",\"position\":3,\"name\":\"MH01 Do\u011fal Bambu Hazeran 90 cm\"}]},{\"@type\":\"WebSite\",\"@id\":\"https:\\\/\\\/altinisahsapgalerisi.com\\\/#website\",\"url\":\"https:\\\/\\\/altinisahsapgalerisi.com\\\/\",\"name\":\"Alt\u0131n \u0130\u015f Ah\u015fap Galerisi\",\"description\":\"\",\"potentialAction\":[{\"@type\":\"SearchAction\",\"target\":{\"@type\":\"EntryPoint\",\"urlTemplate\":\"https:\\\/\\\/altinisahsapgalerisi.com\\\/?s={search_term_string}\"},\"query-input\":{\"@type\":\"PropertyValueSpecification\",\"valueRequired\":true,\"valueName\":\"search_term_string\"}}],\"inLanguage\":\"tr\"}]}<\/script>\n<!-- \/ Yoast SEO plugin. -->","yoast_head_json":{"title":"MH01 Do\u011fal Bambu Hazeran 90 cm - Alt\u0131n \u0130\u015f Ah\u015fap Galerisi","description":"MH01 Do\u011fal Bambu \u00d6rme Koyu Dekoratif Has\u0131r Hazeran 90 cm ALTIN \u0130\u015e AH\u015eAP GALER\u0130S\u0130 HAZERAN HASIR","robots":{"index":"index","follow":"follow","max-snippet":"max-snippet:-1","max-image-preview":"max-image-preview:large","max-video-preview":"max-video-preview:-1"},"canonical":"https:\/\/altinisahsapgalerisi.com\/index.php\/urun\/mh01-dogal-bambu-orme-sari-dekoratif-hasir-hazeran-90-cm\/","og_locale":"tr_TR","og_type":"article","og_title":"MH01 Do\u011fal Bambu Hazeran 90 cm - Alt\u0131n \u0130\u015f Ah\u015fap Galerisi","og_description":"MH01 Do\u011fal Bambu \u00d6rme Koyu Dekoratif Has\u0131r Hazeran 90 cm ALTIN \u0130\u015e AH\u015eAP GALER\u0130S\u0130 HAZERAN HASIR","og_url":"https:\/\/altinisahsapgalerisi.com\/index.php\/urun\/mh01-dogal-bambu-orme-sari-dekoratif-hasir-hazeran-90-cm\/","og_site_name":"Alt\u0131n \u0130\u015f Ah\u015fap Galerisi","article_modified_time":"2025-12-15T14:08:40+00:00","og_image":[{"width":1280,"height":852,"url":"https:\/\/altinisahsapgalerisi.com\/wp-content\/uploads\/2022\/04\/77.jpg","type":"image\/jpeg"}],"twitter_card":"summary_large_image","twitter_misc":{"Tahmini okuma s\u00fcresi":"1 dakika"},"schema":{"@context":"https:\/\/schema.org","@graph":[{"@type":"WebPage","@id":"https:\/\/altinisahsapgalerisi.com\/index.php\/urun\/mh01-dogal-bambu-orme-sari-dekoratif-hasir-hazeran-90-cm\/","url":"https:\/\/altinisahsapgalerisi.com\/index.php\/urun\/mh01-dogal-bambu-orme-sari-dekoratif-hasir-hazeran-90-cm\/","name":"MH01 Do\u011fal Bambu Hazeran 90 cm - Alt\u0131n \u0130\u015f Ah\u015fap Galerisi","isPartOf":{"@id":"https:\/\/altinisahsapgalerisi.com\/#website"},"primaryImageOfPage":{"@id":"https:\/\/altinisahsapgalerisi.com\/index.php\/urun\/mh01-dogal-bambu-orme-sari-dekoratif-hasir-hazeran-90-cm\/#primaryimage"},"image":{"@id":"https:\/\/altinisahsapgalerisi.com\/index.php\/urun\/mh01-dogal-bambu-orme-sari-dekoratif-hasir-hazeran-90-cm\/#primaryimage"},"thumbnailUrl":"https:\/\/altinisahsapgalerisi.com\/wp-content\/uploads\/2022\/04\/77.jpg","datePublished":"2022-01-07T21:44:38+00:00","dateModified":"2025-12-15T14:08:40+00:00","description":"MH01 Do\u011fal Bambu \u00d6rme Koyu Dekoratif Has\u0131r Hazeran 90 cm ALTIN \u0130\u015e AH\u015eAP GALER\u0130S\u0130 HAZERAN HASIR","breadcrumb":{"@id":"https:\/\/altinisahsapgalerisi.com\/index.php\/urun\/mh01-dogal-bambu-orme-sari-dekoratif-hasir-hazeran-90-cm\/#breadcrumb"},"inLanguage":"tr","potentialAction":[{"@type":"ReadAction","target":["https:\/\/altinisahsapgalerisi.com\/index.php\/urun\/mh01-dogal-bambu-orme-sari-dekoratif-hasir-hazeran-90-cm\/"]}]},{"@type":"ImageObject","inLanguage":"tr","@id":"https:\/\/altinisahsapgalerisi.com\/index.php\/urun\/mh01-dogal-bambu-orme-sari-dekoratif-hasir-hazeran-90-cm\/#primaryimage","url":"https:\/\/altinisahsapgalerisi.com\/wp-content\/uploads\/2022\/04\/77.jpg","contentUrl":"https:\/\/altinisahsapgalerisi.com\/wp-content\/uploads\/2022\/04\/77.jpg","width":1280,"height":852},{"@type":"BreadcrumbList","@id":"https:\/\/altinisahsapgalerisi.com\/index.php\/urun\/mh01-dogal-bambu-orme-sari-dekoratif-hasir-hazeran-90-cm\/#breadcrumb","itemListElement":[{"@type":"ListItem","position":1,"name":"Ana sayfa","item":"https:\/\/altinisahsapgalerisi.com\/"},{"@type":"ListItem","position":2,"name":"Ma\u011faza","item":"https:\/\/altinisahsapgalerisi.com\/index.php\/magaza\/"},{"@type":"ListItem","position":3,"name":"MH01 Do\u011fal Bambu Hazeran 90 cm"}]},{"@type":"WebSite","@id":"https:\/\/altinisahsapgalerisi.com\/#website","url":"https:\/\/altinisahsapgalerisi.com\/","name":"Alt\u0131n \u0130\u015f Ah\u015fap Galerisi","description":"","potentialAction":[{"@type":"SearchAction","target":{"@type":"EntryPoint","urlTemplate":"https:\/\/altinisahsapgalerisi.com\/?s={search_term_string}"},"query-input":{"@type":"PropertyValueSpecification","valueRequired":true,"valueName":"search_term_string"}}],"inLanguage":"tr"}]}},"jetpack_sharing_enabled":true,"_links":{"self":[{"href":"https:\/\/altinisahsapgalerisi.com\/index.php\/wp-json\/wp\/v2\/product\/5018","targetHints":{"allow":["GET"]}}],"collection":[{"href":"https:\/\/altinisahsapgalerisi.com\/index.php\/wp-json\/wp\/v2\/product"}],"about":[{"href":"https:\/\/altinisahsapgalerisi.com\/index.php\/wp-json\/wp\/v2\/types\/product"}],"replies":[{"embeddable":true,"href":"https:\/\/altinisahsapgalerisi.com\/index.php\/wp-json\/wp\/v2\/comments?post=5018"}],"wp:featuredmedia":[{"embeddable":true,"href":"https:\/\/altinisahsapgalerisi.com\/index.php\/wp-json\/wp\/v2\/media\/5854"}],"wp:attachment":[{"href":"https:\/\/altinisahsapgalerisi.com\/index.php\/wp-json\/wp\/v2\/media?parent=5018"}],"wp:term":[{"taxonomy":"product_brand","embeddable":true,"href":"https:\/\/altinisahsapgalerisi.com\/index.php\/wp-json\/wp\/v2\/product_brand?post=5018"},{"taxonomy":"product_cat","embeddable":true,"href":"https:\/\/altinisahsapgalerisi.com\/index.php\/wp-json\/wp\/v2\/product_cat?post=5018"},{"taxonomy":"product_tag","embeddable":true,"href":"https:\/\/altinisahsapgalerisi.com\/index.php\/wp-json\/wp\/v2\/product_tag?post=5018"}],"curies":[{"name":"wp","href":"https:\/\/api.w.org\/{rel}","templated":true}]}}