{"id":5041,"date":"2022-01-08T01:42:58","date_gmt":"2022-01-07T22:42:58","guid":{"rendered":"https:\/\/altinisahsapgalerisi.com\/?post_type=product&#038;p=5041"},"modified":"2026-02-24T13:52:33","modified_gmt":"2026-02-24T10:52:33","slug":"ms01-cnc-mdf-seperator-85x210x08-cm","status":"publish","type":"product","link":"https:\/\/altinisahsapgalerisi.com\/index.php\/urun\/ms01-cnc-mdf-seperator-85x210x08-cm\/","title":{"rendered":"MS01 CNC MDF SEPERAT\u00d6R 85X210X0,8 CM"},"content":{"rendered":"","protected":false},"excerpt":{"rendered":"","protected":false},"featured_media":0,"comment_status":"open","ping_status":"closed","template":"","meta":{"_bbp_topic_count":0,"_bbp_reply_count":0,"_bbp_total_topic_count":0,"_bbp_total_reply_count":0,"_bbp_voice_count":0,"_bbp_anonymous_reply_count":0,"_bbp_topic_count_hidden":0,"_bbp_reply_count_hidden":0,"_bbp_forum_subforum_count":0},"product_brand":[],"product_cat":[226,207],"product_tag":[],"class_list":{"0":"post-5041","1":"product","2":"type-product","3":"status-publish","5":"product_cat-cnc-mdf-seperator","6":"product_cat-seperator-ve-hasir-cesitleri","8":"first","9":"instock","10":"shipping-taxable","11":"purchasable","12":"product-type-simple"},"yoast_head":"<!-- This site is optimized with the Yoast SEO plugin v27.4 - https:\/\/yoast.com\/product\/yoast-seo-wordpress\/ -->\n<title>MS01 CNC MDF SEPERAT\u00d6R 85X210X0,8 CM - Alt\u0131n \u0130\u015f Ah\u015fap Galerisi<\/title>\n<meta name=\"description\" content=\"MS01 CNC MDF SEPERAT\u00d6R 85X210X0,8 CM ALTIN \u0130\u015e AH\u015eAP GALER\u0130S\u0130 MDF CNC SEPERAT\u00d6R ARA B\u00d6LME\" \/>\n<meta name=\"robots\" content=\"index, follow, max-snippet:-1, max-image-preview:large, max-video-preview:-1\" \/>\n<link rel=\"canonical\" href=\"https:\/\/altinisahsapgalerisi.com\/index.php\/urun\/ms01-cnc-mdf-seperator-85x210x08-cm\/\" \/>\n<meta property=\"og:locale\" content=\"tr_TR\" \/>\n<meta property=\"og:type\" content=\"article\" \/>\n<meta property=\"og:title\" content=\"MS01 CNC MDF SEPERAT\u00d6R 85X210X0,8 CM - Alt\u0131n \u0130\u015f Ah\u015fap Galerisi\" \/>\n<meta property=\"og:description\" content=\"MS01 CNC MDF SEPERAT\u00d6R 85X210X0,8 CM ALTIN \u0130\u015e AH\u015eAP GALER\u0130S\u0130 MDF CNC SEPERAT\u00d6R ARA B\u00d6LME\" \/>\n<meta property=\"og:url\" content=\"https:\/\/altinisahsapgalerisi.com\/index.php\/urun\/ms01-cnc-mdf-seperator-85x210x08-cm\/\" \/>\n<meta property=\"og:site_name\" content=\"Alt\u0131n \u0130\u015f Ah\u015fap Galerisi\" \/>\n<meta property=\"article:modified_time\" content=\"2026-02-24T10:52:33+00:00\" \/>\n<meta name=\"twitter:card\" content=\"summary_large_image\" \/>\n<script type=\"application\/ld+json\" class=\"yoast-schema-graph\">{\"@context\":\"https:\\\/\\\/schema.org\",\"@graph\":[{\"@type\":\"WebPage\",\"@id\":\"https:\\\/\\\/altinisahsapgalerisi.com\\\/index.php\\\/urun\\\/ms01-cnc-mdf-seperator-85x210x08-cm\\\/\",\"url\":\"https:\\\/\\\/altinisahsapgalerisi.com\\\/index.php\\\/urun\\\/ms01-cnc-mdf-seperator-85x210x08-cm\\\/\",\"name\":\"MS01 CNC MDF SEPERAT\u00d6R 85X210X0,8 CM - Alt\u0131n \u0130\u015f Ah\u015fap Galerisi\",\"isPartOf\":{\"@id\":\"https:\\\/\\\/altinisahsapgalerisi.com\\\/#website\"},\"datePublished\":\"2022-01-07T22:42:58+00:00\",\"dateModified\":\"2026-02-24T10:52:33+00:00\",\"description\":\"MS01 CNC MDF SEPERAT\u00d6R 85X210X0,8 CM ALTIN \u0130\u015e AH\u015eAP GALER\u0130S\u0130 MDF CNC SEPERAT\u00d6R ARA B\u00d6LME\",\"breadcrumb\":{\"@id\":\"https:\\\/\\\/altinisahsapgalerisi.com\\\/index.php\\\/urun\\\/ms01-cnc-mdf-seperator-85x210x08-cm\\\/#breadcrumb\"},\"inLanguage\":\"tr\",\"potentialAction\":[{\"@type\":\"ReadAction\",\"target\":[\"https:\\\/\\\/altinisahsapgalerisi.com\\\/index.php\\\/urun\\\/ms01-cnc-mdf-seperator-85x210x08-cm\\\/\"]}]},{\"@type\":\"BreadcrumbList\",\"@id\":\"https:\\\/\\\/altinisahsapgalerisi.com\\\/index.php\\\/urun\\\/ms01-cnc-mdf-seperator-85x210x08-cm\\\/#breadcrumb\",\"itemListElement\":[{\"@type\":\"ListItem\",\"position\":1,\"name\":\"Ana sayfa\",\"item\":\"https:\\\/\\\/altinisahsapgalerisi.com\\\/\"},{\"@type\":\"ListItem\",\"position\":2,\"name\":\"Ma\u011faza\",\"item\":\"https:\\\/\\\/altinisahsapgalerisi.com\\\/index.php\\\/magaza\\\/\"},{\"@type\":\"ListItem\",\"position\":3,\"name\":\"MS01 CNC MDF SEPERAT\u00d6R 85X210X0,8 CM\"}]},{\"@type\":\"WebSite\",\"@id\":\"https:\\\/\\\/altinisahsapgalerisi.com\\\/#website\",\"url\":\"https:\\\/\\\/altinisahsapgalerisi.com\\\/\",\"name\":\"Alt\u0131n \u0130\u015f Ah\u015fap Galerisi\",\"description\":\"\",\"potentialAction\":[{\"@type\":\"SearchAction\",\"target\":{\"@type\":\"EntryPoint\",\"urlTemplate\":\"https:\\\/\\\/altinisahsapgalerisi.com\\\/?s={search_term_string}\"},\"query-input\":{\"@type\":\"PropertyValueSpecification\",\"valueRequired\":true,\"valueName\":\"search_term_string\"}}],\"inLanguage\":\"tr\"}]}<\/script>\n<!-- \/ Yoast SEO plugin. -->","yoast_head_json":{"title":"MS01 CNC MDF SEPERAT\u00d6R 85X210X0,8 CM - Alt\u0131n \u0130\u015f Ah\u015fap Galerisi","description":"MS01 CNC MDF SEPERAT\u00d6R 85X210X0,8 CM ALTIN \u0130\u015e AH\u015eAP GALER\u0130S\u0130 MDF CNC SEPERAT\u00d6R ARA B\u00d6LME","robots":{"index":"index","follow":"follow","max-snippet":"max-snippet:-1","max-image-preview":"max-image-preview:large","max-video-preview":"max-video-preview:-1"},"canonical":"https:\/\/altinisahsapgalerisi.com\/index.php\/urun\/ms01-cnc-mdf-seperator-85x210x08-cm\/","og_locale":"tr_TR","og_type":"article","og_title":"MS01 CNC MDF SEPERAT\u00d6R 85X210X0,8 CM - Alt\u0131n \u0130\u015f Ah\u015fap Galerisi","og_description":"MS01 CNC MDF SEPERAT\u00d6R 85X210X0,8 CM ALTIN \u0130\u015e AH\u015eAP GALER\u0130S\u0130 MDF CNC SEPERAT\u00d6R ARA B\u00d6LME","og_url":"https:\/\/altinisahsapgalerisi.com\/index.php\/urun\/ms01-cnc-mdf-seperator-85x210x08-cm\/","og_site_name":"Alt\u0131n \u0130\u015f Ah\u015fap Galerisi","article_modified_time":"2026-02-24T10:52:33+00:00","twitter_card":"summary_large_image","schema":{"@context":"https:\/\/schema.org","@graph":[{"@type":"WebPage","@id":"https:\/\/altinisahsapgalerisi.com\/index.php\/urun\/ms01-cnc-mdf-seperator-85x210x08-cm\/","url":"https:\/\/altinisahsapgalerisi.com\/index.php\/urun\/ms01-cnc-mdf-seperator-85x210x08-cm\/","name":"MS01 CNC MDF SEPERAT\u00d6R 85X210X0,8 CM - Alt\u0131n \u0130\u015f Ah\u015fap Galerisi","isPartOf":{"@id":"https:\/\/altinisahsapgalerisi.com\/#website"},"datePublished":"2022-01-07T22:42:58+00:00","dateModified":"2026-02-24T10:52:33+00:00","description":"MS01 CNC MDF SEPERAT\u00d6R 85X210X0,8 CM ALTIN \u0130\u015e AH\u015eAP GALER\u0130S\u0130 MDF CNC SEPERAT\u00d6R ARA B\u00d6LME","breadcrumb":{"@id":"https:\/\/altinisahsapgalerisi.com\/index.php\/urun\/ms01-cnc-mdf-seperator-85x210x08-cm\/#breadcrumb"},"inLanguage":"tr","potentialAction":[{"@type":"ReadAction","target":["https:\/\/altinisahsapgalerisi.com\/index.php\/urun\/ms01-cnc-mdf-seperator-85x210x08-cm\/"]}]},{"@type":"BreadcrumbList","@id":"https:\/\/altinisahsapgalerisi.com\/index.php\/urun\/ms01-cnc-mdf-seperator-85x210x08-cm\/#breadcrumb","itemListElement":[{"@type":"ListItem","position":1,"name":"Ana sayfa","item":"https:\/\/altinisahsapgalerisi.com\/"},{"@type":"ListItem","position":2,"name":"Ma\u011faza","item":"https:\/\/altinisahsapgalerisi.com\/index.php\/magaza\/"},{"@type":"ListItem","position":3,"name":"MS01 CNC MDF SEPERAT\u00d6R 85X210X0,8 CM"}]},{"@type":"WebSite","@id":"https:\/\/altinisahsapgalerisi.com\/#website","url":"https:\/\/altinisahsapgalerisi.com\/","name":"Alt\u0131n \u0130\u015f Ah\u015fap Galerisi","description":"","potentialAction":[{"@type":"SearchAction","target":{"@type":"EntryPoint","urlTemplate":"https:\/\/altinisahsapgalerisi.com\/?s={search_term_string}"},"query-input":{"@type":"PropertyValueSpecification","valueRequired":true,"valueName":"search_term_string"}}],"inLanguage":"tr"}]}},"jetpack_sharing_enabled":true,"_links":{"self":[{"href":"https:\/\/altinisahsapgalerisi.com\/index.php\/wp-json\/wp\/v2\/product\/5041","targetHints":{"allow":["GET"]}}],"collection":[{"href":"https:\/\/altinisahsapgalerisi.com\/index.php\/wp-json\/wp\/v2\/product"}],"about":[{"href":"https:\/\/altinisahsapgalerisi.com\/index.php\/wp-json\/wp\/v2\/types\/product"}],"replies":[{"embeddable":true,"href":"https:\/\/altinisahsapgalerisi.com\/index.php\/wp-json\/wp\/v2\/comments?post=5041"}],"wp:attachment":[{"href":"https:\/\/altinisahsapgalerisi.com\/index.php\/wp-json\/wp\/v2\/media?parent=5041"}],"wp:term":[{"taxonomy":"product_brand","embeddable":true,"href":"https:\/\/altinisahsapgalerisi.com\/index.php\/wp-json\/wp\/v2\/product_brand?post=5041"},{"taxonomy":"product_cat","embeddable":true,"href":"https:\/\/altinisahsapgalerisi.com\/index.php\/wp-json\/wp\/v2\/product_cat?post=5041"},{"taxonomy":"product_tag","embeddable":true,"href":"https:\/\/altinisahsapgalerisi.com\/index.php\/wp-json\/wp\/v2\/product_tag?post=5041"}],"curies":[{"name":"wp","href":"https:\/\/api.w.org\/{rel}","templated":true}]}}